{"id":165,"date":"2023-08-03T15:17:45","date_gmt":"2023-08-03T13:17:45","guid":{"rendered":"http:\/\/wp.steclairearras.org\/wordpress\/?page_id=165"},"modified":"2023-09-19T15:33:20","modified_gmt":"2023-09-19T13:33:20","slug":"nous","status":"publish","type":"page","link":"http:\/\/wp.steclairearras.org\/wordpress\/nous\/","title":{"rendered":"Qui sommes-nous ?"},"content":{"rendered":"\n<h2 class=\"wp-block-heading has-text-align-center\" id=\"top\">Portraits des s\u0153urs <\/h2>\n\n\n\n<p class=\"has-text-align-center\"><em>Ici les cartes de pr\u00e9sentation<\/em><\/p>\n\n\n\n<div style=\"height:50px\" aria-hidden=\"true\" class=\"wp-block-spacer\"><\/div>\n\n\n\n<h2 class=\"wp-block-heading has-text-align-center\" id=\"top\">L&rsquo;histoire du monast\u00e8re<\/h2>\n\n\n\n<iframe src='https:\/\/cdn.knightlab.com\/libs\/timeline3\/latest\/embed\/index.html?source=18gjYwbUhCziV_SJG6yAjq5Ude60yJbeXPC91eZEgQss&#038;font=Default&#038;lang=fr&#038;initial_zoom=2&#038;height=650' width='100%' height='650' webkitallowfullscreen mozallowfullscreen allowfullscreen frameborder='0'><\/iframe>\n\n\n\n<div style=\"height:50px\" aria-hidden=\"true\" class=\"wp-block-spacer\"><\/div>\n\n\n\n<h2 class=\"wp-block-heading has-text-align-center\">Newsletter de la communaut\u00e9<\/h2>\n\n\n\n<div class=\"wp-block-columns is-layout-flex wp-container-core-columns-is-layout-9d6595d7 wp-block-columns-is-layout-flex\">\n<div class=\"wp-block-column is-layout-flow wp-block-column-is-layout-flow\">\n<figure class=\"wp-block-image size-full is-style-default zoom\"><a href=\"http:\/\/wp.steclairearras.org\/wordpress\/wp-content\/uploads\/2023\/08\/Lettre_2022.pdf\"><img loading=\"lazy\" decoding=\"async\" width=\"300\" height=\"300\" src=\"http:\/\/wp.steclairearras.org\/wordpress\/wp-content\/uploads\/2023\/08\/icone-Newsletter-22.png\" alt=\"\" class=\"wp-image-23\" srcset=\"http:\/\/wp.steclairearras.org\/wordpress\/wp-content\/uploads\/2023\/08\/icone-Newsletter-22.png 300w, http:\/\/wp.steclairearras.org\/wordpress\/wp-content\/uploads\/2023\/08\/icone-Newsletter-22-150x150.png 150w\" sizes=\"auto, (max-width: 300px) 100vw, 300px\" \/><\/a><\/figure>\n<\/div>\n\n\n\n<div class=\"wp-block-column is-layout-flow wp-block-column-is-layout-flow\">\n<figure class=\"wp-block-image size-full is-style-default zoom\"><a href=\"http:\/\/wp.steclairearras.org\/wordpress\/wp-content\/uploads\/2023\/08\/Lettre_2021.pdf\" target=\"_blank\" rel=\"noreferrer noopener\"><img loading=\"lazy\" decoding=\"async\" width=\"300\" height=\"300\" src=\"http:\/\/wp.steclairearras.org\/wordpress\/wp-content\/uploads\/2023\/08\/icone-Newsletter-21.png\" alt=\"\" class=\"wp-image-24\" srcset=\"http:\/\/wp.steclairearras.org\/wordpress\/wp-content\/uploads\/2023\/08\/icone-Newsletter-21.png 300w, http:\/\/wp.steclairearras.org\/wordpress\/wp-content\/uploads\/2023\/08\/icone-Newsletter-21-150x150.png 150w\" sizes=\"auto, (max-width: 300px) 100vw, 300px\" \/><\/a><\/figure>\n<\/div>\n\n\n\n<div class=\"wp-block-column is-layout-flow wp-block-column-is-layout-flow\">\n<figure class=\"wp-block-image size-full is-style-default zoom\"><a href=\"http:\/\/wp.steclairearras.org\/wordpress\/wp-content\/uploads\/2023\/08\/lettre_2020_site_.pdf\" target=\"_blank\" rel=\"noreferrer noopener\"><img loading=\"lazy\" decoding=\"async\" width=\"300\" height=\"300\" src=\"http:\/\/wp.steclairearras.org\/wordpress\/wp-content\/uploads\/2023\/08\/icone-Newsletter-20.png\" alt=\"\" class=\"wp-image-19\" srcset=\"http:\/\/wp.steclairearras.org\/wordpress\/wp-content\/uploads\/2023\/08\/icone-Newsletter-20.png 300w, http:\/\/wp.steclairearras.org\/wordpress\/wp-content\/uploads\/2023\/08\/icone-Newsletter-20-150x150.png 150w\" sizes=\"auto, (max-width: 300px) 100vw, 300px\" \/><\/a><\/figure>\n<\/div>\n<\/div>\n\n\n\n<div class=\"wp-block-columns is-layout-flex wp-container-core-columns-is-layout-9d6595d7 wp-block-columns-is-layout-flex\">\n<div class=\"wp-block-column is-layout-flow wp-block-column-is-layout-flow\">\n<figure class=\"wp-block-image size-full is-style-default zoom\"><a href=\"http:\/\/wp.steclairearras.org\/wordpress\/wp-content\/uploads\/2023\/08\/site_Lettre_2019.pdf\" target=\"_blank\" rel=\"noreferrer noopener\"><img loading=\"lazy\" decoding=\"async\" width=\"300\" height=\"300\" src=\"http:\/\/wp.steclairearras.org\/wordpress\/wp-content\/uploads\/2023\/08\/icone-Newsletter-19.png\" alt=\"\" class=\"wp-image-20\" srcset=\"http:\/\/wp.steclairearras.org\/wordpress\/wp-content\/uploads\/2023\/08\/icone-Newsletter-19.png 300w, http:\/\/wp.steclairearras.org\/wordpress\/wp-content\/uploads\/2023\/08\/icone-Newsletter-19-150x150.png 150w\" sizes=\"auto, (max-width: 300px) 100vw, 300px\" \/><\/a><\/figure>\n<\/div>\n\n\n\n<div class=\"wp-block-column is-layout-flow wp-block-column-is-layout-flow\">\n<figure class=\"wp-block-image size-full is-style-default zoom\"><a href=\"http:\/\/wp.steclairearras.org\/wordpress\/wp-content\/uploads\/2023\/08\/Lettre-2018.pdf\" target=\"_blank\" rel=\"noreferrer noopener\"><img loading=\"lazy\" decoding=\"async\" width=\"300\" height=\"300\" src=\"http:\/\/wp.steclairearras.org\/wordpress\/wp-content\/uploads\/2023\/08\/icone-Newsletter-18.png\" alt=\"\" class=\"wp-image-21\" srcset=\"http:\/\/wp.steclairearras.org\/wordpress\/wp-content\/uploads\/2023\/08\/icone-Newsletter-18.png 300w, http:\/\/wp.steclairearras.org\/wordpress\/wp-content\/uploads\/2023\/08\/icone-Newsletter-18-150x150.png 150w\" sizes=\"auto, (max-width: 300px) 100vw, 300px\" \/><\/a><\/figure>\n<\/div>\n\n\n\n<div class=\"wp-block-column is-layout-flow wp-block-column-is-layout-flow\">\n<figure class=\"wp-block-image size-full has-custom-border is-style-default zoom\"><a href=\"http:\/\/wp.steclairearras.org\/wordpress\/wp-content\/uploads\/2023\/08\/Lettre-2017.pdf\" target=\"_blank\" rel=\"noreferrer noopener\"><img loading=\"lazy\" decoding=\"async\" width=\"300\" height=\"300\" src=\"http:\/\/wp.steclairearras.org\/wordpress\/wp-content\/uploads\/2023\/08\/icone-Newsletter-17.png\" alt=\"\" class=\"wp-image-22\" style=\"border-style:none;border-width:0px;border-radius:0px\" srcset=\"http:\/\/wp.steclairearras.org\/wordpress\/wp-content\/uploads\/2023\/08\/icone-Newsletter-17.png 300w, http:\/\/wp.steclairearras.org\/wordpress\/wp-content\/uploads\/2023\/08\/icone-Newsletter-17-150x150.png 150w\" sizes=\"auto, (max-width: 300px) 100vw, 300px\" \/><\/a><\/figure>\n<\/div>\n<\/div>\n","protected":false},"excerpt":{"rendered":"<p>Portraits des s\u0153urs Ici les cartes de pr\u00e9sentation L&rsquo;histoire du monast\u00e8re Newsletter de la communaut\u00e9<\/p>\n","protected":false},"author":1,"featured_media":0,"parent":0,"menu_order":0,"comment_status":"closed","ping_status":"closed","template":"","meta":{"footnotes":""},"class_list":["post-165","page","type-page","status-publish","hentry"],"_links":{"self":[{"href":"http:\/\/wp.steclairearras.org\/wordpress\/wp-json\/wp\/v2\/pages\/165","targetHints":{"allow":["GET"]}}],"collection":[{"href":"http:\/\/wp.steclairearras.org\/wordpress\/wp-json\/wp\/v2\/pages"}],"about":[{"href":"http:\/\/wp.steclairearras.org\/wordpress\/wp-json\/wp\/v2\/types\/page"}],"author":[{"embeddable":true,"href":"http:\/\/wp.steclairearras.org\/wordpress\/wp-json\/wp\/v2\/users\/1"}],"replies":[{"embeddable":true,"href":"http:\/\/wp.steclairearras.org\/wordpress\/wp-json\/wp\/v2\/comments?post=165"}],"version-history":[{"count":44,"href":"http:\/\/wp.steclairearras.org\/wordpress\/wp-json\/wp\/v2\/pages\/165\/revisions"}],"predecessor-version":[{"id":337,"href":"http:\/\/wp.steclairearras.org\/wordpress\/wp-json\/wp\/v2\/pages\/165\/revisions\/337"}],"wp:attachment":[{"href":"http:\/\/wp.steclairearras.org\/wordpress\/wp-json\/wp\/v2\/media?parent=165"}],"curies":[{"name":"wp","href":"https:\/\/api.w.org\/{rel}","templated":true}]}}