{"id":4197,"date":"2023-11-30T16:33:56","date_gmt":"2023-11-30T15:33:56","guid":{"rendered":"https:\/\/saintjeandedieu.fr\/?page_id=4197"},"modified":"2024-10-23T12:41:40","modified_gmt":"2024-10-23T10:41:40","slug":"histoire","status":"publish","type":"page","link":"https:\/\/wp.steclairearras.org\/2024\/histoire\/","title":{"rendered":"Histoire"},"content":{"rendered":"<div id='full_slider_1'  class='avia-fullwidth-slider main_color avia-shadow   avia-builder-el-0  el_before_av_layout_row  avia-builder-el-first   container_wrap sidebar_right'  ><div  class='avia-slideshow av-m1hwv6zb-c98eb2038040e51c30d6b5f2823da807 avia-slideshow-entry_without_sidebar av_slideshow_full avia-slide-slider av-slideshow-ui av-control-default av-slideshow-manual av-loop-once av-loop-manual-endless av-default-height-applied   avia-slideshow-1' data-slideshow-options=\"{&quot;animation&quot;:&quot;slide&quot;,&quot;autoplay&quot;:false,&quot;loop_autoplay&quot;:&quot;once&quot;,&quot;interval&quot;:5,&quot;loop_manual&quot;:&quot;manual-endless&quot;,&quot;autoplay_stopper&quot;:false,&quot;noNavigation&quot;:false,&quot;bg_slider&quot;:false,&quot;keep_padding&quot;:false,&quot;hoverpause&quot;:false,&quot;show_slide_delay&quot;:0}\"  itemprop=\"image\" itemscope=\"itemscope\" itemtype=\"https:\/\/schema.org\/ImageObject\" ><ul class='avia-slideshow-inner ' style='padding-bottom: 34.95867768595%;'><li  class='avia-slideshow-slide av-m1hwv6zb-c98eb2038040e51c30d6b5f2823da807__0  av-single-slide slide-1 slide-odd'><div data-rel='slideshow-1' class='avia-slide-wrap '   ><img decoding=\"async\" fetchpriority=\"high\" class=\"wp-image-6211 avia-img-lazy-loading-not-6211\"  src=\"https:\/\/wp.steclairearras.org\/2024\/wp-content\/uploads\/2024\/09\/Capture-decran-2024-09-25-a-15.31.07-1210x423.png\" width=\"1210\" height=\"423\" title='Capture d\u2019\u00e9cran 2024-09-25 \u00e0 15.31.07' alt=''  itemprop=\"thumbnailUrl\"   \/><\/div><\/li><\/ul><\/div><\/div>\n<div id='av-layout-grid-1'  class='av-layout-grid-container av-21115gl-b47fc25c29bfe8b5769286db91499081 entry-content-wrapper main_color av-fixed-cells  avia-builder-el-1  el_after_av_slideshow_full  el_before_av_section  grid-row-not-first  container_wrap sidebar_right'  >\n\n<style type=\"text\/css\" data-created_by=\"avia_inline_auto\" id=\"style-css-av-20ei3xh-86c519f4c8e10c141a0a23238f40751b\">\n.flex_cell.av-20ei3xh-86c519f4c8e10c141a0a23238f40751b{\nvertical-align:top;\nbackground-color:#e4d6be;\n}\n.responsive #top #wrap_all .flex_cell.av-20ei3xh-86c519f4c8e10c141a0a23238f40751b{\npadding:9px 0px 0px 0px !important;\n}\n<\/style>\n<div class='flex_cell av-20ei3xh-86c519f4c8e10c141a0a23238f40751b av-gridrow-cell av_one_half no_margin  avia-builder-el-2  el_before_av_cell_one_half  avia-builder-el-first '  ><div class='flex_cell_inner'><\/div><\/div>\n<style type=\"text\/css\" data-created_by=\"avia_inline_auto\" id=\"style-css-av-1xnfd5h-833e76544d5b69b8e08630dd2b9065e3\">\n.flex_cell.av-1xnfd5h-833e76544d5b69b8e08630dd2b9065e3{\nvertical-align:top;\nbackground-color:#e4d6be;\n}\n.responsive #top #wrap_all .flex_cell.av-1xnfd5h-833e76544d5b69b8e08630dd2b9065e3{\npadding:9px 0px 0px 0px !important;\n}\n<\/style>\n<div class='flex_cell av-1xnfd5h-833e76544d5b69b8e08630dd2b9065e3 av-gridrow-cell av_one_half no_margin  avia-builder-el-3  el_after_av_cell_one_half  avia-builder-el-last '  ><div class='flex_cell_inner'><\/div><\/div><\/div><div id='av_section_1'  class='avia-section av-lq84xdy4-2915a81f9ece88aa0f73bed8b2f5d255 main_color avia-section-small avia-no-border-styling  avia-builder-el-4  el_after_av_layout_row  avia-builder-el-last  avia-bg-style-scroll container_wrap sidebar_right'  ><div class='container av-section-cont-open' ><div class='template-page content  av-content-small alpha units'><div class='post-entry post-entry-type-page post-entry-4197'><div class='entry-content-wrapper clearfix'>\n<div class='flex_column_table av-lq855o0r-d2b7477ac7fd5b99d9d20d341e3442f4 sc-av_one_third av-equal-height-column-flextable'>\n<style type=\"text\/css\" data-created_by=\"avia_inline_auto\" id=\"style-css-av-lq855o0r-d2b7477ac7fd5b99d9d20d341e3442f4\">\n#top .flex_column_table.av-equal-height-column-flextable.av-lq855o0r-d2b7477ac7fd5b99d9d20d341e3442f4{\nmargin-top:-100px;\nmargin-bottom:0px;\n}\n.flex_column.av-lq855o0r-d2b7477ac7fd5b99d9d20d341e3442f4{\nborder-radius:0px 0px 0px 0px;\npadding:40px 40px 40px 40px;\n}\n<\/style>\n<div  class='flex_column av-lq855o0r-d2b7477ac7fd5b99d9d20d341e3442f4 av_one_third  avia-builder-el-5  el_before_av_one_third  avia-builder-el-first  first no_margin flex_column_table_cell av-equal-height-column av-align-top  '     ><\/div>\n<style type=\"text\/css\" data-created_by=\"avia_inline_auto\" id=\"style-css-av-lq84xqm0-09f8c7faceac941f8d249f5fd1d30f2a\">\n#top .flex_column_table.av-equal-height-column-flextable.av-lq84xqm0-09f8c7faceac941f8d249f5fd1d30f2a{\nmargin-top:-100px;\nmargin-bottom:0px;\n}\n.flex_column.av-lq84xqm0-09f8c7faceac941f8d249f5fd1d30f2a{\nborder-radius:0px 0px 0px 0px;\npadding:30px 30px 30px 30px;\nbackground-color:#e4d6be;\n}\n<\/style>\n<div  class='flex_column av-lq84xqm0-09f8c7faceac941f8d249f5fd1d30f2a av_one_third  avia-builder-el-6  el_after_av_one_third  el_before_av_one_third  no_margin flex_column_table_cell av-equal-height-column av-align-top  '     ><p>\n<style type=\"text\/css\" data-created_by=\"avia_inline_auto\" id=\"style-css-av-1wfaxid-f8b432014d38b21763966fb5241fe57e\">\n#top .hr.hr-invisible.av-1wfaxid-f8b432014d38b21763966fb5241fe57e{\nheight:20px;\n}\n<\/style>\n<div  class='hr av-1wfaxid-f8b432014d38b21763966fb5241fe57e hr-invisible  avia-builder-el-7  el_before_av_textblock  avia-builder-el-first '><span class='hr-inner '><span class=\"hr-inner-style\"><\/span><\/span><\/div><br \/>\n\n<style type=\"text\/css\" data-created_by=\"avia_inline_auto\" id=\"style-css-av-lq8519yd-34b7e6dc12ca0ebe4983bd1a0471fc75\">\n#top .av_textblock_section.av-lq8519yd-34b7e6dc12ca0ebe4983bd1a0471fc75 .avia_textblock{\ncolor:#9b776b;\ntext-align:center;\n}\n<\/style>\n<section  class='av_textblock_section av-lq8519yd-34b7e6dc12ca0ebe4983bd1a0471fc75 '   itemscope=\"itemscope\" itemtype=\"https:\/\/schema.org\/CreativeWork\" ><div class='avia_textblock av_inherit_color'  itemprop=\"text\" ><h2>NOTRE HISTOIRE<\/h2>\n<\/div><\/section><br \/>\n\n<style type=\"text\/css\" data-created_by=\"avia_inline_auto\" id=\"style-css-av-1uco8tx-50b0f83724b65b4d820d8cab25e484d0\">\n#top .hr.hr-invisible.av-1uco8tx-50b0f83724b65b4d820d8cab25e484d0{\nheight:8px;\n}\n<\/style>\n<div  class='hr av-1uco8tx-50b0f83724b65b4d820d8cab25e484d0 hr-invisible  avia-builder-el-9  el_after_av_textblock  avia-builder-el-last '><span class='hr-inner '><span class=\"hr-inner-style\"><\/span><\/span><\/div><\/p><\/div>\n<style type=\"text\/css\" data-created_by=\"avia_inline_auto\" id=\"style-css-av-1t0f291-48dfa892e1a64101e5e898d54c719fb8\">\n#top .flex_column_table.av-equal-height-column-flextable.av-1t0f291-48dfa892e1a64101e5e898d54c719fb8{\nmargin-top:-100px;\nmargin-bottom:0px;\n}\n.flex_column.av-1t0f291-48dfa892e1a64101e5e898d54c719fb8{\nborder-radius:0px 0px 0px 0px;\npadding:40px 40px 40px 40px;\n}\n<\/style>\n<div  class='flex_column av-1t0f291-48dfa892e1a64101e5e898d54c719fb8 av_one_third  avia-builder-el-10  el_after_av_one_third  el_before_av_heading  no_margin flex_column_table_cell av-equal-height-column av-align-top  '     ><\/div><\/div><!--close column table wrapper. Autoclose: 1 -->\n<style type=\"text\/css\" data-created_by=\"avia_inline_auto\" id=\"style-css-av-xm2jp1-7152619d4c82a8e8e0e626c3d4ad6153\">\n#top .av-special-heading.av-xm2jp1-7152619d4c82a8e8e0e626c3d4ad6153{\npadding-bottom:10px;\n}\nbody .av-special-heading.av-xm2jp1-7152619d4c82a8e8e0e626c3d4ad6153 .av-special-heading-tag .heading-char{\nfont-size:25px;\n}\n.av-special-heading.av-xm2jp1-7152619d4c82a8e8e0e626c3d4ad6153 .av-subheading{\nfont-size:15px;\n}\n<\/style>\n<div  class='av-special-heading av-xm2jp1-7152619d4c82a8e8e0e626c3d4ad6153 av-special-heading-h2  avia-builder-el-11  el_after_av_one_third  el_before_av_textblock '><h2 class='av-special-heading-tag'  itemprop=\"headline\"  >Les \u00e9tapes cl\u00e9s<\/h2><div class=\"special-heading-border\"><div class=\"special-heading-inner-border\"><\/div><\/div><\/div>\n<section  class='av_textblock_section av-m1hwpo0x-f09751cd8513ac46c9343f245e6c9d31 '   itemscope=\"itemscope\" itemtype=\"https:\/\/schema.org\/CreativeWork\" ><div class='avia_textblock'  itemprop=\"text\" ><p>En 1447, Sainte Colette, bien qu&rsquo;aspirant \u00e0 fonder un monast\u00e8re dans sa ville natale, voit son souhait contrari\u00e9 par les b\u00e9n\u00e9dictins de Corbie. \u00c0 la place, une fondation est initi\u00e9e \u00e0 Arras par Philippe de Saveuse en 1457, apr\u00e8s la mort de Colette, r\u00e9alisant ainsi sa proph\u00e9tie selon laquelle elle irait \u00e0 Arras, m\u00eame apr\u00e8s sa mort. En 1460, treize religieuses de Gand form\u00e9es par Sainte Colette s&rsquo;y installent. Le monast\u00e8re prosp\u00e8re rapidement et devient un centre spirituel important, participant \u00e0 la fondation de nouveaux monast\u00e8res \u00e0 P\u00e9ronne et Cambrai.<\/p>\n<p>Au cours du XVIe si\u00e8cle, le monast\u00e8re subit les tumultes de la R\u00e9forme et les guerres religieuses. En 1577, les clarisses de Gand trouvent refuge \u00e0 Arras, emportant le corps de Sainte Colette, accomplissant ainsi une autre proph\u00e9tie. La communaut\u00e9 est \u00e9prouv\u00e9e par une \u00e9pid\u00e9mie en 1596, mais elle surmonte cette \u00e9preuve, ce qui conduit \u00e0 l&rsquo;agrandissement du couvent.<\/p>\n<p>La R\u00e9volution fran\u00e7aise provoque la dispersion des religieuses en 1792, et le monast\u00e8re est vendu. Apr\u00e8s l&rsquo;exil, quelques s\u0153urs reviennent \u00e0 Arras en 1813, mais rencontrent des difficult\u00e9s pour r\u00e9tablir la communaut\u00e9. En 1835, elles parviennent \u00e0 racheter l&rsquo;\u00e9glise, et en 1847, elles reprennent possession des lieux.<\/p>\n<p>Le monast\u00e8re conna\u00eet de nouvelles \u00e9preuves lors des guerres mondiales, mais survit aux bombardements. Apr\u00e8s la Seconde Guerre mondiale, la communaut\u00e9 continue de vivre dans la pauvret\u00e9 mais avec pers\u00e9v\u00e9rance. La vie y reprend apr\u00e8s Vatican II, marquant une p\u00e9riode de modernisation progressive.<\/p>\n<\/div><\/section>\n<div  id=\"avia-timeline-1\"  class='avia-timeline-container av-m1jpwakh-5e6f474a8252157d9f00ccccaa096562 av-slideshow-ui  avia-builder-el-13  el_after_av_textblock  avia-builder-el-last ' ><ul class='avia-timeline avia-timeline-vertical av-milestone-placement-alternate avia-timeline- avia_animate_when_almost_visible avia-timeline-animate'>\n<li  class='av-milestone av-42u0g5-96a5a394b92e67f430c7a2ef282e4307 av-animated-generic fade-in av-milestone-valign-baseline av-milestone-odd'><h2 class='av-milestone-date ' id='milestone-1381'><strong>1381<span class='av-milestone-indicator'><\/span><\/strong><\/h2><div class=\"av-milestone-icon-wrap\"><span class='av-milestone-icon milestone_icon'><span class='av-milestone-icon-inner milestone_inner'>&nbsp;<\/span><\/span><\/div><article class='av-milestone-content-wrap'><div class='av-milestone-contentbox'><div class='av-milestone-content'><p>Naissance de Sainte Colette<\/p>\n<p><img loading=\"lazy\" decoding=\"async\" class=\"alignnone size-medium wp-image-6213\" src=\"http:\/\/wp.steclairearras.org\/2024\/wp-content\/uploads\/2024\/09\/Capture-decran-2024-09-25-a-15.36.19-210x300.png\" alt=\"\" width=\"210\" height=\"300\" srcset=\"https:\/\/wp.steclairearras.org\/2024\/wp-content\/uploads\/2024\/09\/Capture-decran-2024-09-25-a-15.36.19-210x300.png 210w, https:\/\/wp.steclairearras.org\/2024\/wp-content\/uploads\/2024\/09\/Capture-decran-2024-09-25-a-15.36.19-493x705.png 493w, https:\/\/wp.steclairearras.org\/2024\/wp-content\/uploads\/2024\/09\/Capture-decran-2024-09-25-a-15.36.19.png 578w\" sizes=\"auto, (max-width: 210px) 100vw, 210px\" \/><\/p>\n<\/div><\/div><footer class='av-milestone-article-footer entry-footer'><\/footer><\/article><\/li>\n<li  class='av-milestone av-2ipoyt-2a0b45fcd4b17822f2f90fbfe603807d av-animated-generic fade-in av-milestone-valign-middle av-milestone-even'><h2 class='av-milestone-date ' id='milestone-1457'><strong>1457<span class='av-milestone-indicator'><\/span><\/strong><\/h2><article class='av-milestone-content-wrap'><div class='av-milestone-contentbox'><div class='av-milestone-content'><p>D\u00e9but du chantier du monast\u00e8re<\/p>\n<\/div><\/div><footer class='av-milestone-article-footer entry-footer'><\/footer><\/article><div class=\"av-milestone-icon-wrap\"><span class='av-milestone-icon milestone_icon'><span class='av-milestone-icon-inner milestone_inner'>&nbsp;<\/span><\/span><\/div><h2 class='av-milestone-date ' id='milestone-1457'><strong>1457<span class='av-milestone-indicator'><\/span><\/strong><\/h2><\/li>\n<li  class='av-milestone av-m1jphgem-00ad57f0b621d8eab972d5e92600e801 av-animated-generic fade-in av-milestone-valign-baseline av-milestone-odd'><h2 class='av-milestone-date ' id='milestone-1460'><strong>1460<span class='av-milestone-indicator'><\/span><\/strong><\/h2><div class=\"av-milestone-icon-wrap\"><span class='av-milestone-icon milestone_icon'><span class='av-milestone-icon-inner milestone_inner'>&nbsp;<\/span><\/span><\/div><article class='av-milestone-content-wrap'><div class='av-milestone-contentbox'><header class=\"entry-content-header\"><h4 class='av-milestone-title '>Arriv\u00e9e des premi\u00e8res religieuses au monast\u00e8re<\/h4><\/header><div class='av-milestone-content'><p>13 disciples de Sainte Colette viennent depuis le monast\u00e8re de Gand pour prendre place dans ce nouveau couvent<\/p>\n<\/div><\/div><footer class='av-milestone-article-footer entry-footer'><\/footer><\/article><\/li>\n<li  class='av-milestone av-m1jpji0m-27f34b799207f2960c4cf832e28f4e92 av-animated-generic fade-in av-milestone-valign-baseline av-milestone-even'><h2 class='av-milestone-date ' id='milestone-20-aout-1577'><strong>20 ao\u00fbt 1577<span class='av-milestone-indicator'><\/span><\/strong><\/h2><article class='av-milestone-content-wrap'><div class='av-milestone-contentbox'><header class=\"entry-content-header\"><h4 class='av-milestone-title '>Les reliques de Sainte Colette de retour \u00e0 Arras<\/h4><\/header><div class='av-milestone-content'><p>Chass\u00e9es de leur couvent apr\u00e8s un incendie criminel, les Clarisses de Gand se r\u00e9fugient \u00e0 Arras en emportant les reliques de la Sainte. Une partie de ces reliques restera apr\u00e8s le d\u00e9part des soeurs belges en 1585.<\/p>\n<p><img decoding=\"async\" class=\"tl-media-item tl-media-image tl-media-shadow\" title=\"Ch\u00e2sse de Sainte Colette\" src=\"http:\/\/wp.steclairearras.org\/wordpress\/wp-content\/uploads\/2023\/09\/Sainte-Colette-de-Corbie.jpeg\" alt=\"Ch\u00e2sse de Sainte Colette\" \/><\/p>\n<\/div><\/div><footer class='av-milestone-article-footer entry-footer'><\/footer><\/article><div class=\"av-milestone-icon-wrap\"><span class='av-milestone-icon milestone_icon'><span class='av-milestone-icon-inner milestone_inner'>&nbsp;<\/span><\/span><\/div><h2 class='av-milestone-date ' id='milestone-20-aout-1577'><strong>20 ao\u00fbt 1577<span class='av-milestone-indicator'><\/span><\/strong><\/h2><\/li>\n<li  class='av-milestone av-m1jpkqte-d9f36706bd5cbd97ee7efa12dd03e4e2 av-animated-generic fade-in av-milestone-valign-baseline av-milestone-odd'><h2 class='av-milestone-date ' id='milestone-1er-octobre-1972'><strong>1er octobre 1972<span class='av-milestone-indicator'><\/span><\/strong><\/h2><div class=\"av-milestone-icon-wrap\"><span class='av-milestone-icon milestone_icon'><span class='av-milestone-icon-inner milestone_inner'>&nbsp;<\/span><\/span><\/div><article class='av-milestone-content-wrap'><div class='av-milestone-contentbox'><header class=\"entry-content-header\"><h4 class='av-milestone-title '>Dispersion du monast\u00e8re<\/h4><\/header><div class='av-milestone-content'><p>Le gouvernement de la Commune ordonne la dispersion du monast\u00e8re et les soeurs sont condamn\u00e9es \u00e0 l&rsquo;exil.<\/p>\n<p><img decoding=\"async\" class=\"tl-media-item tl-media-image tl-media-shadow\" title=\"La Commune de Paris en ao\u00fbt 1792\" src=\"https:\/\/upload.wikimedia.org\/wikipedia\/commons\/thumb\/a\/a5\/Tuileriensturm.jpg\/1200px-Tuileriensturm.jpg\" alt=\"La Commune de Paris en ao\u00fbt 1792\" \/><\/p>\n<\/div><\/div><footer class='av-milestone-article-footer entry-footer'><\/footer><\/article><\/li>\n<li  class='av-milestone av-m1jplqpt-60321cc07e4022ff4d6b8e1597042f08 av-animated-generic fade-in av-milestone-valign-baseline av-milestone-even'><h2 class='av-milestone-date ' id='milestone-fevrier-1813'><strong>F\u00e9vrier 1813<span class='av-milestone-indicator'><\/span><\/strong><\/h2><article class='av-milestone-content-wrap'><div class='av-milestone-contentbox'><header class=\"entry-content-header\"><h4 class='av-milestone-title '>Retour d\u2019exil <\/h4><\/header><div class='av-milestone-content'><p>Les premi\u00e8res soeurs reviennent \u00e0 Arras, mais le monast\u00e8re ne leur appartient plus et elles ne peuvent racheter qu&rsquo;une partie du terrain.<\/p>\n<\/div><\/div><footer class='av-milestone-article-footer entry-footer'><\/footer><\/article><div class=\"av-milestone-icon-wrap\"><span class='av-milestone-icon milestone_icon'><span class='av-milestone-icon-inner milestone_inner'>&nbsp;<\/span><\/span><\/div><h2 class='av-milestone-date ' id='milestone-fevrier-1813'><strong>F\u00e9vrier 1813<span class='av-milestone-indicator'><\/span><\/strong><\/h2><\/li>\n<li  class='av-milestone av-m1jpn55a-2f65d1baa9c3ae3e3b036cbfa57d0863 av-animated-generic fade-in av-milestone-valign-baseline av-milestone-odd'><h2 class='av-milestone-date ' id='milestone-1847'><strong>1847<span class='av-milestone-indicator'><\/span><\/strong><\/h2><div class=\"av-milestone-icon-wrap\"><span class='av-milestone-icon milestone_icon'><span class='av-milestone-icon-inner milestone_inner'>&nbsp;<\/span><\/span><\/div><article class='av-milestone-content-wrap'><div class='av-milestone-contentbox'><header class=\"entry-content-header\"><h4 class='av-milestone-title '>Le monast\u00e8re des Clarisses rena\u00eet <\/h4><\/header><div class='av-milestone-content'><p>Apr\u00e8s avoir rachet\u00e9 tout le terrain de l&rsquo;ancien monast\u00e8re en 1839 et fait 8 ann\u00e9es de travaux, les Clarisses r\u00e9investissent le lieu de leur origine.<\/p>\n<\/div><\/div><footer class='av-milestone-article-footer entry-footer'><\/footer><\/article><\/li>\n<li  class='av-milestone av-m1jpouwm-01eba71ca8b3ce661f21b69e2c0a432e av-animated-generic fade-in av-milestone-valign-baseline av-milestone-even'><h2 class='av-milestone-date ' id='milestone-11-decembre-1905'><strong>11 d\u00e9cembre 1905<span class='av-milestone-indicator'><\/span><\/strong><\/h2><article class='av-milestone-content-wrap'><div class='av-milestone-contentbox'><header class=\"entry-content-header\"><h4 class='av-milestone-title '>Loi de s\u00e9paration de l\u2018Eglise et de l\u2019Etat <\/h4><\/header><div class='av-milestone-content'><p>Pinacle des tensions entre les r\u00e9publicains et les catholiques depuis quelques ann\u00e9es, cette loi obligera vie religieuse \u00e0 vivre clandestinement.<\/p>\n<p><img decoding=\"async\" class=\"tl-media-item tl-media-image tl-media-shadow\" title=\"Acte de loi de s\u00e9paration de l'Eglise et de l'Etat\" src=\"https:\/\/upload.wikimedia.org\/wikipedia\/commons\/thumb\/f\/f6\/Loi_de_s%C3%A9paration_des_%C3%A9glises_et_de_l%E2%80%99%C3%89tat._Page_1_-_Archives_Nationales_-_AE-II-2991.jpg\/1200px-Loi_de_s%C3%A9paration_des_%C3%A9glises_et_de_l%E2%80%99%C3%89tat._Page_1_-_Archives_Nationales_-_AE-II-2991.jpg\" alt=\"Acte de loi de s\u00e9paration de l'Eglise et de l'Etat\" \/><\/p>\n<\/div><\/div><footer class='av-milestone-article-footer entry-footer'><\/footer><\/article><div class=\"av-milestone-icon-wrap\"><span class='av-milestone-icon milestone_icon'><span class='av-milestone-icon-inner milestone_inner'>&nbsp;<\/span><\/span><\/div><h2 class='av-milestone-date ' id='milestone-11-decembre-1905'><strong>11 d\u00e9cembre 1905<span class='av-milestone-indicator'><\/span><\/strong><\/h2><\/li>\n<li  class='av-milestone av-m1jpq9rt-7b2b19d4b44972edf4ff6b97e1432cc4 av-animated-generic fade-in av-milestone-valign-baseline av-milestone-odd'><h2 class='av-milestone-date ' id='milestone-3-juillet-1915'><strong>3 juillet 1915<span class='av-milestone-indicator'><\/span><\/strong><\/h2><div class=\"av-milestone-icon-wrap\"><span class='av-milestone-icon milestone_icon'><span class='av-milestone-icon-inner milestone_inner'>&nbsp;<\/span><\/span><\/div><article class='av-milestone-content-wrap'><div class='av-milestone-contentbox'><header class=\"entry-content-header\"><h4 class='av-milestone-title '>Le monast\u00e8re de nouveau \u00e9vacu\u00e9<\/h4><\/header><div class='av-milestone-content'><p>Pour fuir les bombardements de la 1\u00e8re guerre Mondiale, les Clarisses trouvent refuge \u00e0 l&rsquo;abbaye de Belval. Elles reviennent \u00e0 Arras en avril 1919 et la chapelle rouvre au public en mai 1920.<\/p>\n<p><img decoding=\"async\" class=\"tl-media-item tl-media-image tl-media-shadow\" title=\"Vue a\u00e9rienne de l'abbaye de Belval\" src=\"http:\/\/wp.steclairearras.org\/wordpress\/wp-content\/uploads\/2023\/09\/Belval_clarisses-et-trappistines-scaled.jpg\" alt=\"Vue a\u00e9rienne de l'abbaye de Belval\" \/><\/p>\n<\/div><\/div><footer class='av-milestone-article-footer entry-footer'><\/footer><\/article><\/li>\n<li  class='av-milestone av-m1jpw7ck-9d90ebe22ae12304aa0beab69743e9f1 av-animated-generic fade-in av-milestone-valign-baseline av-milestone-even'><h2 class='av-milestone-date ' id='milestone-2024'><strong>2024<span class='av-milestone-indicator'><\/span><\/strong><\/h2><article class='av-milestone-content-wrap'><div class='av-milestone-contentbox'><header class=\"entry-content-header\"><h4 class='av-milestone-title '>Lancement du projet de reconstruction du monast\u00e8re<\/h4><\/header><div class='av-milestone-content'><p>En 2024, les Clarisses entreprennent un projet d&rsquo;importants travaux pour adapter le lieu aux nouveaux d\u00e9fis d&rsquo;un monast\u00e8re pour demain.<\/p>\n<p>L&rsquo;objectif est d&rsquo;adapter le monast\u00e8re pour maintenir et d\u00e9velopper au XXI\u00e8me si\u00e8cle ce lieu de rencontre de Dieu et des hommes, gr\u00e2ce \u00e0 la pr\u00e9sence des Clarisses au coeur de la ville d&rsquo;Arras.<\/p>\n<p><img loading=\"lazy\" decoding=\"async\" class=\"alignnone size-medium wp-image-6156\" src=\"http:\/\/wp.steclairearras.org\/2024\/wp-content\/uploads\/2024\/09\/maquette-300x128.png\" alt=\"\" width=\"300\" height=\"128\" srcset=\"https:\/\/wp.steclairearras.org\/2024\/wp-content\/uploads\/2024\/09\/maquette-300x128.png 300w, https:\/\/wp.steclairearras.org\/2024\/wp-content\/uploads\/2024\/09\/maquette-1030x439.png 1030w, https:\/\/wp.steclairearras.org\/2024\/wp-content\/uploads\/2024\/09\/maquette-768x327.png 768w, https:\/\/wp.steclairearras.org\/2024\/wp-content\/uploads\/2024\/09\/maquette-1536x655.png 1536w, https:\/\/wp.steclairearras.org\/2024\/wp-content\/uploads\/2024\/09\/maquette-2048x873.png 2048w, https:\/\/wp.steclairearras.org\/2024\/wp-content\/uploads\/2024\/09\/maquette-1500x639.png 1500w, https:\/\/wp.steclairearras.org\/2024\/wp-content\/uploads\/2024\/09\/maquette-705x300.png 705w\" sizes=\"auto, (max-width: 300px) 100vw, 300px\" \/><\/p>\n<\/div><\/div><footer class='av-milestone-article-footer entry-footer'><\/footer><\/article><div class=\"av-milestone-icon-wrap\"><span class='av-milestone-icon milestone_icon'><span class='av-milestone-icon-inner milestone_inner'>&nbsp;<\/span><\/span><\/div><h2 class='av-milestone-date ' id='milestone-2024'><strong>2024<span class='av-milestone-indicator'><\/span><\/strong><\/h2><\/li>\n<\/ul><\/div>\n<\/div><\/div><\/div><!-- close content main div --><\/div><\/div><div id='after_section_1'  class='main_color av_default_container_wrap container_wrap sidebar_right'  ><div class='container av-section-cont-open' ><div class='template-page content  av-content-small alpha units'><div class='post-entry post-entry-type-page post-entry-4197'><div class='entry-content-wrapper clearfix'><\/p>\n","protected":false},"excerpt":{"rendered":"","protected":false},"author":1,"featured_media":0,"parent":0,"menu_order":0,"comment_status":"closed","ping_status":"closed","template":"","meta":{"footnotes":""},"class_list":["post-4197","page","type-page","status-publish","hentry"],"_links":{"self":[{"href":"https:\/\/wp.steclairearras.org\/2024\/wp-json\/wp\/v2\/pages\/4197","targetHints":{"allow":["GET"]}}],"collection":[{"href":"https:\/\/wp.steclairearras.org\/2024\/wp-json\/wp\/v2\/pages"}],"about":[{"href":"https:\/\/wp.steclairearras.org\/2024\/wp-json\/wp\/v2\/types\/page"}],"author":[{"embeddable":true,"href":"https:\/\/wp.steclairearras.org\/2024\/wp-json\/wp\/v2\/users\/1"}],"replies":[{"embeddable":true,"href":"https:\/\/wp.steclairearras.org\/2024\/wp-json\/wp\/v2\/comments?post=4197"}],"version-history":[{"count":1,"href":"https:\/\/wp.steclairearras.org\/2024\/wp-json\/wp\/v2\/pages\/4197\/revisions"}],"predecessor-version":[{"id":7281,"href":"https:\/\/wp.steclairearras.org\/2024\/wp-json\/wp\/v2\/pages\/4197\/revisions\/7281"}],"wp:attachment":[{"href":"https:\/\/wp.steclairearras.org\/2024\/wp-json\/wp\/v2\/media?parent=4197"}],"curies":[{"name":"wp","href":"https:\/\/api.w.org\/{rel}","templated":true}]}}