{"id":4267,"date":"2023-12-01T09:35:59","date_gmt":"2023-12-01T08:35:59","guid":{"rendered":"http:\/\/saintjeandedieu.fr\/?page_id=4267"},"modified":"2025-01-23T23:54:23","modified_gmt":"2025-01-23T22:54:23","slug":"formations","status":"publish","type":"page","link":"https:\/\/wp.steclairearras.org\/2024\/formations\/","title":{"rendered":"Formations spirituelles"},"content":{"rendered":"<div id='full_slider_1'  class='avia-fullwidth-slider main_color avia-shadow   avia-builder-el-0  el_before_av_layout_row  avia-builder-el-first   container_wrap sidebar_right'  ><div  class='avia-slideshow av-m1jqdgls-0ede32d2f368eccd47736fe51c4c6061 avia-slideshow-entry_without_sidebar av_slideshow_full avia-slide-slider av-slideshow-ui av-control-default av-slideshow-manual av-loop-once av-loop-manual-endless av-default-height-applied   avia-slideshow-1' data-slideshow-options=\"{&quot;animation&quot;:&quot;slide&quot;,&quot;autoplay&quot;:false,&quot;loop_autoplay&quot;:&quot;once&quot;,&quot;interval&quot;:5,&quot;loop_manual&quot;:&quot;manual-endless&quot;,&quot;autoplay_stopper&quot;:false,&quot;noNavigation&quot;:false,&quot;bg_slider&quot;:false,&quot;keep_padding&quot;:false,&quot;hoverpause&quot;:false,&quot;show_slide_delay&quot;:0}\"  itemprop=\"image\" itemscope=\"itemscope\" itemtype=\"https:\/\/schema.org\/ImageObject\" ><ul class='avia-slideshow-inner ' style='padding-bottom: 33.057851239669%;'><li  class='avia-slideshow-slide av-m1jqdgls-0ede32d2f368eccd47736fe51c4c6061__0  av-single-slide slide-1 slide-odd'><div data-rel='slideshow-1' class='avia-slide-wrap '   ><img decoding=\"async\" fetchpriority=\"high\" class=\"wp-image-6296 avia-img-lazy-loading-not-6296\"  src=\"https:\/\/wp.steclairearras.org\/2024\/wp-content\/uploads\/2024\/09\/Capture-decran-2024-09-26-a-22.11.46-1210x400.png\" width=\"1210\" height=\"400\" title='Capture d\u2019\u00e9cran 2024-09-26 \u00e0 22.11.46' alt=''  itemprop=\"thumbnailUrl\"   \/><\/div><\/li><\/ul><\/div><\/div>\n<div id='av-layout-grid-1'  class='av-layout-grid-container av-b7pp63-f924e2ec668cd0dd95cfdb74a61a4b52 entry-content-wrapper main_color av-fixed-cells  avia-builder-el-1  el_after_av_slideshow_full  el_before_av_section  grid-row-not-first  container_wrap sidebar_right'  >\n\n<style type=\"text\/css\" data-created_by=\"avia_inline_auto\" id=\"style-css-av-31opq5n-360d46a8f1b358195511c65d0666d185\">\n.flex_cell.av-31opq5n-360d46a8f1b358195511c65d0666d185{\nvertical-align:top;\nbackground-color:#e4d6be;\n}\n.responsive #top #wrap_all .flex_cell.av-31opq5n-360d46a8f1b358195511c65d0666d185{\npadding:9px 0px 0px 0px !important;\n}\n<\/style>\n<div class='flex_cell av-31opq5n-360d46a8f1b358195511c65d0666d185 av-gridrow-cell av_one_half no_margin  avia-builder-el-2  el_before_av_cell_one_half  avia-builder-el-first '  ><div class='flex_cell_inner'><\/div><\/div>\n<style type=\"text\/css\" data-created_by=\"avia_inline_auto\" id=\"style-css-av-2zo39sb-f7aa6061d6e0d90a84474dc6a28f9719\">\n.flex_cell.av-2zo39sb-f7aa6061d6e0d90a84474dc6a28f9719{\nvertical-align:top;\nbackground-color:#e4d6be;\n}\n.responsive #top #wrap_all .flex_cell.av-2zo39sb-f7aa6061d6e0d90a84474dc6a28f9719{\npadding:9px 0px 0px 0px !important;\n}\n<\/style>\n<div class='flex_cell av-2zo39sb-f7aa6061d6e0d90a84474dc6a28f9719 av-gridrow-cell av_one_half no_margin  avia-builder-el-3  el_after_av_cell_one_half  avia-builder-el-last '  ><div class='flex_cell_inner'><\/div><\/div>\n<\/div>\n<div id='av_section_1'  class='avia-section av-2ymjgnv-576a528e01e569680f668dd721905e5e main_color avia-section-small avia-no-border-styling  avia-builder-el-4  el_after_av_layout_row  el_before_av_section  avia-bg-style-scroll container_wrap sidebar_right'  ><div class='container av-section-cont-open' ><div class='template-page content  av-content-small alpha units'><div class='post-entry post-entry-type-page post-entry-4267'><div class='entry-content-wrapper clearfix'>\n<div class='flex_column_table av-2wilmgb-566035fff4247592436737ba1640874b sc-av_one_third av-equal-height-column-flextable'>\n<style type=\"text\/css\" data-created_by=\"avia_inline_auto\" id=\"style-css-av-2wilmgb-566035fff4247592436737ba1640874b\">\n#top .flex_column_table.av-equal-height-column-flextable.av-2wilmgb-566035fff4247592436737ba1640874b{\nmargin-top:-100px;\nmargin-bottom:0px;\n}\n.flex_column.av-2wilmgb-566035fff4247592436737ba1640874b{\nborder-radius:0px 0px 0px 0px;\npadding:40px 40px 40px 40px;\n}\n<\/style>\n<div  class='flex_column av-2wilmgb-566035fff4247592436737ba1640874b av_one_third  avia-builder-el-5  el_before_av_one_third  avia-builder-el-first  first no_margin flex_column_table_cell av-equal-height-column av-align-top  '     ><\/div>\n<style type=\"text\/css\" data-created_by=\"avia_inline_auto\" id=\"style-css-av-a9xcl7-9207d1140a766672283feafcbedc68c6\">\n#top .flex_column_table.av-equal-height-column-flextable.av-a9xcl7-9207d1140a766672283feafcbedc68c6{\nmargin-top:-100px;\nmargin-bottom:0px;\n}\n.flex_column.av-a9xcl7-9207d1140a766672283feafcbedc68c6{\nborder-radius:0px 0px 0px 0px;\npadding:30px 30px 30px 30px;\nbackground-color:#e4d6be;\n}\n<\/style>\n<div  class='flex_column av-a9xcl7-9207d1140a766672283feafcbedc68c6 av_one_third  avia-builder-el-6  el_after_av_one_third  el_before_av_one_third  no_margin flex_column_table_cell av-equal-height-column av-align-top  '     ><p>\n<style type=\"text\/css\" data-created_by=\"avia_inline_auto\" id=\"style-css-av-a7dm4b-f2af816ff56333c11605f84f34185a11\">\n#top .hr.hr-invisible.av-a7dm4b-f2af816ff56333c11605f84f34185a11{\nheight:20px;\n}\n<\/style>\n<div  class='hr av-a7dm4b-f2af816ff56333c11605f84f34185a11 hr-invisible  avia-builder-el-7  el_before_av_textblock  avia-builder-el-first '><span class='hr-inner '><span class=\"hr-inner-style\"><\/span><\/span><\/div><br \/>\n\n<style type=\"text\/css\" data-created_by=\"avia_inline_auto\" id=\"style-css-av-lq85t2jc-96f59f7d6c961acef5d533eb75ebe87f\">\n#top .av_textblock_section.av-lq85t2jc-96f59f7d6c961acef5d533eb75ebe87f .avia_textblock{\ncolor:#9b776b;\ntext-align:center;\n}\n<\/style>\n<section  class='av_textblock_section av-lq85t2jc-96f59f7d6c961acef5d533eb75ebe87f '   itemscope=\"itemscope\" itemtype=\"https:\/\/schema.org\/CreativeWork\" ><div class='avia_textblock av_inherit_color'  itemprop=\"text\" ><h2>FORMATIONS SPIRITUELLES<\/h2>\n<\/div><\/section><br \/>\n\n<style type=\"text\/css\" data-created_by=\"avia_inline_auto\" id=\"style-css-av-2spukij-e255ec1c72200f23b73151ba83779f47\">\n#top .hr.hr-invisible.av-2spukij-e255ec1c72200f23b73151ba83779f47{\nheight:8px;\n}\n<\/style>\n<div  class='hr av-2spukij-e255ec1c72200f23b73151ba83779f47 hr-invisible  avia-builder-el-9  el_after_av_textblock  avia-builder-el-last '><span class='hr-inner '><span class=\"hr-inner-style\"><\/span><\/span><\/div><\/p><\/div>\n<style type=\"text\/css\" data-created_by=\"avia_inline_auto\" id=\"style-css-av-2qkni7v-dcd63483d783208da300d7fb6e73d32d\">\n#top .flex_column_table.av-equal-height-column-flextable.av-2qkni7v-dcd63483d783208da300d7fb6e73d32d{\nmargin-top:-100px;\nmargin-bottom:0px;\n}\n.flex_column.av-2qkni7v-dcd63483d783208da300d7fb6e73d32d{\nborder-radius:0px 0px 0px 0px;\npadding:40px 40px 40px 40px;\n}\n<\/style>\n<div  class='flex_column av-2qkni7v-dcd63483d783208da300d7fb6e73d32d av_one_third  avia-builder-el-10  el_after_av_one_third  avia-builder-el-last  no_margin flex_column_table_cell av-equal-height-column av-align-top  '     ><\/div><\/div><!--close column table wrapper. Autoclose: 1 -->\n\n<\/div><\/div><\/div><!-- close content main div --><\/div><\/div><div id='av_section_2'  class='avia-section av-ywc563-1e8f184cd968fd65fa3011c38511a73a main_color avia-section-small avia-no-border-styling  avia-builder-el-11  el_after_av_section  el_before_av_section  avia-bg-style-scroll container_wrap sidebar_right'  ><div class='container av-section-cont-open' ><div class='template-page content  av-content-small alpha units'><div class='post-entry post-entry-type-page post-entry-4267'><div class='entry-content-wrapper clearfix'>\n\n<style type=\"text\/css\" data-created_by=\"avia_inline_auto\" id=\"style-css-av-yfsxp7-aa48e8816a1543afc82e3457cd8d8f7e\">\n#top .av-special-heading.av-yfsxp7-aa48e8816a1543afc82e3457cd8d8f7e{\npadding-bottom:10px;\n}\nbody .av-special-heading.av-yfsxp7-aa48e8816a1543afc82e3457cd8d8f7e .av-special-heading-tag .heading-char{\nfont-size:25px;\n}\n.av-special-heading.av-yfsxp7-aa48e8816a1543afc82e3457cd8d8f7e .av-subheading{\nfont-size:15px;\n}\n<\/style>\n<div  class='av-special-heading av-yfsxp7-aa48e8816a1543afc82e3457cd8d8f7e av-special-heading-h2  avia-builder-el-12  el_before_av_image  avia-builder-el-first '><h2 class='av-special-heading-tag'  itemprop=\"headline\"  >Parcours \u00ab\u00a0Appel\u00e9s au bonheur\u00a0\u00bb<\/h2><div class=\"special-heading-border\"><div class=\"special-heading-inner-border\"><\/div><\/div><\/div>\n\n<style type=\"text\/css\" data-created_by=\"avia_inline_auto\" id=\"style-css-av-vlq617-7c2fa8168f2d6f209173057b64770b89\">\n.avia-image-container.av-vlq617-7c2fa8168f2d6f209173057b64770b89 img.avia_image{\nbox-shadow:none;\n}\n.avia-image-container.av-vlq617-7c2fa8168f2d6f209173057b64770b89 .av-caption-image-overlay-bg{\nopacity:0.4;\nbackground-color:#000000;\n}\n.avia-image-container.av-vlq617-7c2fa8168f2d6f209173057b64770b89 .av-image-caption-overlay-center{\ncolor:#ffffff;\n}\n<\/style>\n<div  class='avia-image-container av-vlq617-7c2fa8168f2d6f209173057b64770b89 av-styling- avia-align-center  avia-builder-el-13  el_after_av_heading  el_before_av_button  noHover av-overlay-hover-deactivate'   itemprop=\"image\" itemscope=\"itemscope\" itemtype=\"https:\/\/schema.org\/ImageObject\" ><div class=\"avia-image-container-inner\"><div class=\"avia-image-overlay-wrap\"><div class=\"av-image-caption-overlay\"><div class=\"av-caption-image-overlay-bg\"><\/div><div class=\"av-image-caption-overlay-position\"><div class=\"av-image-caption-overlay-center\"><p>Ce parcours se d\u00e9roule sur 11 semaines, en 11 publications, soit une publication par semaine.<\/p>\n<\/div><\/div><\/div><img decoding=\"async\" fetchpriority=\"high\" class='wp-image-6297 avia-img-lazy-loading-not-6297 avia_image ' src=\"https:\/\/wp.steclairearras.org\/2024\/wp-content\/uploads\/2024\/09\/Capture-decran-2024-09-26-a-22.15.22-300x200.png\" alt='' title='Capture d\u2019\u00e9cran 2024-09-26 \u00e0 22.15.22'  height=\"200\" width=\"300\"  itemprop=\"thumbnailUrl\" srcset=\"https:\/\/wp.steclairearras.org\/2024\/wp-content\/uploads\/2024\/09\/Capture-decran-2024-09-26-a-22.15.22-300x200.png 300w, https:\/\/wp.steclairearras.org\/2024\/wp-content\/uploads\/2024\/09\/Capture-decran-2024-09-26-a-22.15.22-768x511.png 768w, https:\/\/wp.steclairearras.org\/2024\/wp-content\/uploads\/2024\/09\/Capture-decran-2024-09-26-a-22.15.22-705x469.png 705w, https:\/\/wp.steclairearras.org\/2024\/wp-content\/uploads\/2024\/09\/Capture-decran-2024-09-26-a-22.15.22.png 978w\" sizes=\"(max-width: 300px) 100vw, 300px\" \/><\/div><\/div><\/div>\n<div  class='avia-button-wrap av-ujy7p7-1043fca9307ce8fde1643cbe4f9c32bb-wrap avia-button-center  avia-builder-el-14  el_after_av_image  avia-builder-el-last '><a href='https:\/\/hozana.org\/communaute\/7631-appeles-au-bonheur' class='avia-button av-ujy7p7-1043fca9307ce8fde1643cbe4f9c32bb avia-icon_select-yes-left-icon avia-size-small avia-position-center avia-color-theme-color' target=\"_blank\" rel=\"noopener noreferrer\"><span class='avia_button_icon avia_button_icon_left' aria-hidden='true' data-av_icon='\ue82b' data-av_iconfont='entypo-fontello'><\/span><span class='avia_iconbox_title' >Je m\u2019inscris<\/span><\/a><\/div>\n\n<\/div><\/div><\/div><!-- close content main div --><\/div><\/div><div id='av_section_3'  class='avia-section av-t482nv-27a1a92d80a8d753436ca5b217b7805b main_color avia-section-small avia-no-border-styling  avia-builder-el-15  el_after_av_section  el_before_av_layout_row  avia-bg-style-scroll container_wrap sidebar_right'  ><div class='container av-section-cont-open' ><div class='template-page content  av-content-small alpha units'><div class='post-entry post-entry-type-page post-entry-4267'><div class='entry-content-wrapper clearfix'>\n<section  class='av_textblock_section av-m2lpyngo-b6346007cdd35432b6c34c9d19677f91 '   itemscope=\"itemscope\" itemtype=\"https:\/\/schema.org\/CreativeWork\" ><div class='avia_textblock'  itemprop=\"text\" ><h2 id=\"concretement-comment-ca-se-passe\"><strong>Concr\u00e8tement comment \u00e7a se passe ?\u00a0<\/strong><\/h2>\n<p>Une fois par semaine, tu re\u00e7ois une petite vid\u00e9o (dur\u00e9e 6 \u00e0 12 mn), \u00a0un texte \u00e0 m\u00e9diter, une piste d&rsquo;approfondissement.<\/p>\n<h2 id=\"le-contenu-du-parcours\"><strong>Le contenu du parcours\u00a0?<\/strong><\/h2>\n<p>Voici les th\u00e8mes que nous aborderons semaine apr\u00e8s semaine\u00a0:<\/p>\n<blockquote>\n<p><strong>Semaine 1<\/strong> &#8211; Coup d&rsquo;envoi : Vous avez dit \u00ab\u00a0vocation\u00a0\u00bb ???<\/p>\n<p><strong>Semaine 2\u00a0<\/strong>&#8211; Le Christ dialogue avec les jeunes<\/p>\n<p><strong>Semaine 3<\/strong> &#8211; Que dois-je faire pour que ma vie ait tout son sens, toute sa valeur ?<\/p>\n<p><strong>Semaine 4<\/strong> &#8211; La question du bien et du mal<\/p>\n<p><strong>Semaine 5\u00a0<\/strong>&#8211; Connais-tu le regard du Christ ?<\/p>\n<p><strong>Semaine 6<\/strong> &#8211; \u00ab Si tu savais le don de Dieu \u00bb\u2026<\/p>\n<p><strong>Semaine 7<\/strong> &#8211; L&rsquo;exp\u00e9rience de l&rsquo;amour<\/p>\n<p><strong>Semaine 8<\/strong> &#8211; Le don du corps<\/p>\n<p><strong>Semaine 9\u00a0<\/strong>&#8211; Vivre le Christ<\/p>\n<p><strong>Semaine 10<\/strong> &#8211; Des pasteurs selon mon C\u0153ur<\/p>\n<p><strong>Semaine 11<\/strong> &#8211; \u00ab\u00a0C&rsquo;est maintenant votre heure&#8230; \u00e0 vous de r\u00e9pondre !\u00a0\u00bb<\/p>\n<\/blockquote>\n<\/div><\/section>\n\n<\/div><\/div><\/div><!-- close content main div --><\/div><\/div><div id='av-layout-grid-2'  class='av-layout-grid-container av-rw42gb-3f90ecf3b340da889af5cc8f46cf20f9 entry-content-wrapper main_color av-fixed-cells  avia-builder-el-17  el_after_av_section  el_before_av_section  grid-row-not-first  container_wrap sidebar_right'  >\n\n<style type=\"text\/css\" data-created_by=\"avia_inline_auto\" id=\"style-css-av-m2lq1l8f-125a43b34558f167329ca967d70ea98a\">\n.flex_cell.av-m2lq1l8f-125a43b34558f167329ca967d70ea98a{\nvertical-align:middle;\nbackground-color:#91ac83;\n}\n.responsive #top #wrap_all .flex_cell.av-m2lq1l8f-125a43b34558f167329ca967d70ea98a{\npadding:9px 0px 0px 0px !important;\n}\n<\/style>\n<div class='flex_cell av-m2lq1l8f-125a43b34558f167329ca967d70ea98a av-gridrow-cell av_one_full no_margin  avia-builder-el-18  avia-builder-el-no-sibling '  ><div class='flex_cell_inner'><section  class='av_textblock_section av-m2lq0kvu-10d50c7a6adafef5176cfffd4be69e34 '   itemscope=\"itemscope\" itemtype=\"https:\/\/schema.org\/CreativeWork\" ><div class='avia_textblock'  itemprop=\"text\" ><h1 style=\"text-align: center;\"><strong>Le but ?<\/strong><\/h1>\n<\/div><\/section><br \/>\n<section  class='av_textblock_section av-m2lqhaeg-6ec229d829e1f94a4b8b7d8a4bfc4b7c '   itemscope=\"itemscope\" itemtype=\"https:\/\/schema.org\/CreativeWork\" ><div class='avia_textblock'  itemprop=\"text\" ><h2 style=\"text-align: center;\">Trouver son chemin de bonheur, oser s&rsquo;y engager, faire les bons choix pour construire sa maison sur le roc, \u00e0 l&rsquo;\u00e9cole de St Jean Paul II.<\/h2>\n<\/div><\/section><\/p>\n<\/div><\/div>\n<\/div>\n<div id='av_section_4'  class='avia-section av-oe2lor-ec197b4994278cdbe2a23adff4cd28ac main_color avia-section-small avia-no-border-styling  avia-builder-el-21  el_after_av_layout_row  el_before_av_textblock  avia-bg-style-scroll container_wrap sidebar_right'  ><div class='container av-section-cont-open' ><div class='template-page content  av-content-small alpha units'><div class='post-entry post-entry-type-page post-entry-4267'><div class='entry-content-wrapper clearfix'>\n<div  class='hr av-28mm17-f20a6c9f2c99eec5aa60c8de405a7441 hr-default  avia-builder-el-22  el_before_av_heading  avia-builder-el-first '><span class='hr-inner '><span class=\"hr-inner-style\"><\/span><\/span><\/div>\n\n<style type=\"text\/css\" data-created_by=\"avia_inline_auto\" id=\"style-css-av-k51zi3-442fd12e583b621fe87d67ba01facc04\">\n#top .av-special-heading.av-k51zi3-442fd12e583b621fe87d67ba01facc04{\npadding-bottom:10px;\n}\nbody .av-special-heading.av-k51zi3-442fd12e583b621fe87d67ba01facc04 .av-special-heading-tag .heading-char{\nfont-size:25px;\n}\n.av-special-heading.av-k51zi3-442fd12e583b621fe87d67ba01facc04 .av-subheading{\nfont-size:15px;\n}\n<\/style>\n<div  class='av-special-heading av-k51zi3-442fd12e583b621fe87d67ba01facc04 av-special-heading-h1  avia-builder-el-23  el_after_av_hr  el_before_av_textblock '><h1 class='av-special-heading-tag'  itemprop=\"headline\"  >La d\u00e9pendance \u00e0 l\u2019Immacul\u00e9e chez St Maximilien KOLBE<\/h1><div class=\"special-heading-border\"><div class=\"special-heading-inner-border\"><\/div><\/div><\/div>\n<section  class='av_textblock_section av-idhbiz-a8d9cd82a221fe962d43d1f8981b769c '   itemscope=\"itemscope\" itemtype=\"https:\/\/schema.org\/CreativeWork\" ><div class='avia_textblock'  itemprop=\"text\" ><h3><strong>Enseignement <\/strong><strong>de Soeur\u00a0<\/strong><strong>Christine-Marie\u00a0<\/strong><\/h3>\n<\/div><\/section>\n<section  class='av_textblock_section av-gy1okr-95a80cf542f181b316e1ca37b6809872 '   itemscope=\"itemscope\" itemtype=\"https:\/\/schema.org\/CreativeWork\" ><div class='avia_textblock'  itemprop=\"text\" ><blockquote>\n<h4 class=\"style-scope ytd-watch-metadata\">La d\u00e9pendance \u00e0 l&rsquo;Immacul\u00e9e chez St Maximilien KOLBE. 1\u00e8re Partie<\/h4>\n<\/blockquote>\n<\/div><\/section>\n<div  class='avia-slideshow av-fovqmj-320e489d3bd2236d2aaf599591959c82 avia-slideshow-featured av_slideshow avia-slide-slider  avia-builder-el-26  el_after_av_textblock  el_before_av_textblock  av-slideshow-ui av-control-default av-slideshow-manual av-loop-once av-loop-manual-endless av-default-height-applied avia-slideshow-2' data-slideshow-options=\"{&quot;animation&quot;:&quot;slide&quot;,&quot;autoplay&quot;:false,&quot;loop_autoplay&quot;:&quot;once&quot;,&quot;interval&quot;:5,&quot;loop_manual&quot;:&quot;manual-endless&quot;,&quot;autoplay_stopper&quot;:false,&quot;noNavigation&quot;:false,&quot;bg_slider&quot;:false,&quot;keep_padding&quot;:false,&quot;hoverpause&quot;:false,&quot;show_slide_delay&quot;:0}\"  itemprop=\"image\" itemscope=\"itemscope\" itemtype=\"https:\/\/schema.org\/ImageObject\" ><ul class='avia-slideshow-inner ' style='padding-bottom: 28.666666666667%;'><li  data-controls='' data-mute='aviaTBaviaTBvideo_mute' data-loop='' data-disable-autoplay=''  data-video-ratio='1.7777777777778' class='avia-slideshow-slide av-fovqmj-320e489d3bd2236d2aaf599591959c82__0  av-video-slide  av-video-service-youtube  av-mute-video av-mobile-fallback-image  av-single-slide slide-1 slide-odd'><div data-rel='slideshow-2' class='avia-slide-wrap '   ><div class='av-click-overlay'><\/div><div class='mejs-mediaelement'  itemprop=\"video\" itemtype=\"https:\/\/schema.org\/VideoObject\" ><div height='1600' width='900' class='av_youtube_frame' id='player_4267_1572453687_1833490028'  data-autoplay='0'  data-videoid='N2okKt-GC44'  data-hd='1'  data-rel='0'  data-wmode='opaque'  data-loop='0'  data-version='3'  data-autohide='1'  data-color='white'  data-controls='1'  data-iv_load_policy='3'  data-original_url='https:\/\/www.youtube.com\/watch?v=N2okKt-GC44' ><\/div><\/div><div class=\"av-click-to-play-overlay\"><div class=\"avia_playpause_icon\"><\/div><\/div><\/div><\/li><\/ul><\/div>\n<section  class='av_textblock_section av-d4c4cr-c04d3db58e8cd87267af669b10d1fb76 '   itemscope=\"itemscope\" itemtype=\"https:\/\/schema.org\/CreativeWork\" ><div class='avia_textblock'  itemprop=\"text\" ><blockquote>\n<h4 class=\"style-scope ytd-watch-metadata\">La d\u00e9pendance \u00e0 l&rsquo;Immacul\u00e9e chez St Maximilien KOLBE. 2\u00e8me Partie<\/h4>\n<\/blockquote>\n<\/div><\/section>\n<div  class='avia-slideshow av-b45iyz-16ba688cb13321a8290dd63f505cf480 avia-slideshow-featured av_slideshow avia-slide-slider  avia-builder-el-28  el_after_av_textblock  avia-builder-el-last  av-slideshow-ui av-control-default av-slideshow-manual av-loop-once av-loop-manual-endless av-default-height-applied avia-slideshow-3' data-slideshow-options=\"{&quot;animation&quot;:&quot;slide&quot;,&quot;autoplay&quot;:false,&quot;loop_autoplay&quot;:&quot;once&quot;,&quot;interval&quot;:5,&quot;loop_manual&quot;:&quot;manual-endless&quot;,&quot;autoplay_stopper&quot;:false,&quot;noNavigation&quot;:false,&quot;bg_slider&quot;:false,&quot;keep_padding&quot;:false,&quot;hoverpause&quot;:false,&quot;show_slide_delay&quot;:0}\"  itemprop=\"image\" itemscope=\"itemscope\" itemtype=\"https:\/\/schema.org\/ImageObject\" ><ul class='avia-slideshow-inner ' style='padding-bottom: 28.666666666667%;'><li  data-controls='' data-mute='aviaTBaviaTBvideo_mute' data-loop='' data-disable-autoplay=''  data-video-ratio='1.7777777777778' class='avia-slideshow-slide av-b45iyz-16ba688cb13321a8290dd63f505cf480__0  av-video-slide  av-video-service-youtube  av-mute-video av-mobile-fallback-image  av-single-slide slide-1 slide-odd'><div data-rel='slideshow-3' class='avia-slide-wrap '   ><div class='av-click-overlay'><\/div><div class='mejs-mediaelement'  itemprop=\"video\" itemtype=\"https:\/\/schema.org\/VideoObject\" ><div height='1600' width='900' class='av_youtube_frame' id='player_4267_24363050_742514317'  data-autoplay='0'  data-videoid='2HfxootiNWg'  data-hd='1'  data-rel='0'  data-wmode='opaque'  data-loop='0'  data-version='3'  data-autohide='1'  data-color='white'  data-controls='1'  data-iv_load_policy='3'  data-original_url='https:\/\/www.youtube.com\/watch?v=2HfxootiNWg' ><\/div><\/div><div class=\"av-click-to-play-overlay\"><div class=\"avia_playpause_icon\"><\/div><\/div><\/div><\/li><\/ul><\/div>\n<\/div><\/div><\/div><!-- close content main div --><\/div><\/div><div id='after_section_4'  class='main_color av_default_container_wrap container_wrap sidebar_right'  ><div class='container av-section-cont-open' ><div class='template-page content  av-content-small alpha units'><div class='post-entry post-entry-type-page post-entry-4267'><div class='entry-content-wrapper clearfix'>\n<section  class='av_textblock_section av-m68lj8a9-9131ea462e473a7cafd61e6ee3c2faf2 '   itemscope=\"itemscope\" itemtype=\"https:\/\/schema.org\/CreativeWork\" ><div class='avia_textblock'  itemprop=\"text\" ><h1><strong>ENSEIGNEMENT \u00c9CRIT<\/strong><\/h1>\n<\/div><\/section>\n\n<style type=\"text\/css\" data-created_by=\"avia_inline_auto\" id=\"style-css-av-324urv-cd10f7562d86a2aea397ad20cd4c7c27\">\n.avia-image-container.av-324urv-cd10f7562d86a2aea397ad20cd4c7c27 img.avia_image{\nbox-shadow:none;\n}\n.avia-image-container.av-324urv-cd10f7562d86a2aea397ad20cd4c7c27 .av-image-caption-overlay-center{\ncolor:#ffffff;\n}\n<\/style>\n<div  class='avia-image-container av-324urv-cd10f7562d86a2aea397ad20cd4c7c27 av-styling- avia-align-center  avia-builder-el-30  el_after_av_textblock  el_before_av_textblock '   itemprop=\"image\" itemscope=\"itemscope\" itemtype=\"https:\/\/schema.org\/ImageObject\" ><div class=\"avia-image-container-inner\"><div class=\"avia-image-overlay-wrap\"><img decoding=\"async\" fetchpriority=\"high\" class='wp-image-6167 avia-img-lazy-loading-not-6167 avia_image ' src=\"https:\/\/wp.steclairearras.org\/2024\/wp-content\/uploads\/2024\/09\/9A5A1520-710x375.jpg\" alt='' title='9A5A1520'  height=\"375\" width=\"710\"  itemprop=\"thumbnailUrl\"  \/><\/div><\/div><\/div>\n\n<style type=\"text\/css\" data-created_by=\"avia_inline_auto\" id=\"style-css-av-m68n07n2-2c0b22c9fa440681ceed0289c65ea039\">\n#top .av_textblock_section.av-m68n07n2-2c0b22c9fa440681ceed0289c65ea039 .avia_textblock{\ncolor:#83a846;\n}\n<\/style>\n<section  class='av_textblock_section av-m68n07n2-2c0b22c9fa440681ceed0289c65ea039 '   itemscope=\"itemscope\" itemtype=\"https:\/\/schema.org\/CreativeWork\" ><div class='avia_textblock av_inherit_color'  itemprop=\"text\" ><h2><\/h2>\n<h2 style=\"text-align: center;\"><strong><a href=\"https:\/\/wp.steclairearras.org\/wordpress\/wp-content\/uploads\/2023\/08\/clefs_liturgie_2018.pdf\">DES CL\u00c9S POUR VIVRE LA LITURGIE<\/a><\/strong><\/h2>\n<\/div><\/section>\n","protected":false},"excerpt":{"rendered":"","protected":false},"author":1,"featured_media":0,"parent":0,"menu_order":0,"comment_status":"closed","ping_status":"closed","template":"","meta":{"footnotes":""},"class_list":["post-4267","page","type-page","status-publish","hentry"],"_links":{"self":[{"href":"https:\/\/wp.steclairearras.org\/2024\/wp-json\/wp\/v2\/pages\/4267","targetHints":{"allow":["GET"]}}],"collection":[{"href":"https:\/\/wp.steclairearras.org\/2024\/wp-json\/wp\/v2\/pages"}],"about":[{"href":"https:\/\/wp.steclairearras.org\/2024\/wp-json\/wp\/v2\/types\/page"}],"author":[{"embeddable":true,"href":"https:\/\/wp.steclairearras.org\/2024\/wp-json\/wp\/v2\/users\/1"}],"replies":[{"embeddable":true,"href":"https:\/\/wp.steclairearras.org\/2024\/wp-json\/wp\/v2\/comments?post=4267"}],"version-history":[{"count":22,"href":"https:\/\/wp.steclairearras.org\/2024\/wp-json\/wp\/v2\/pages\/4267\/revisions"}],"predecessor-version":[{"id":7063,"href":"https:\/\/wp.steclairearras.org\/2024\/wp-json\/wp\/v2\/pages\/4267\/revisions\/7063"}],"wp:attachment":[{"href":"https:\/\/wp.steclairearras.org\/2024\/wp-json\/wp\/v2\/media?parent=4267"}],"curies":[{"name":"wp","href":"https:\/\/api.w.org\/{rel}","templated":true}]}}