{"id":4749,"date":"2023-12-16T21:42:44","date_gmt":"2023-12-16T20:42:44","guid":{"rendered":"https:\/\/saintjeandedieu.fr\/?page_id=4749"},"modified":"2025-10-18T22:49:15","modified_gmt":"2025-10-18T20:49:15","slug":"projet","status":"publish","type":"page","link":"https:\/\/wp.steclairearras.org\/2024\/projet\/","title":{"rendered":"projet"},"content":{"rendered":"<div id='full_slider_1'  class='avia-fullwidth-slider main_color avia-shadow   avia-builder-el-0  el_before_av_layout_row  avia-builder-el-first   container_wrap sidebar_right'  ><div  class='avia-slideshow av-m1jt24m1-caad20bf38d5c214608251842e811966 avia-slideshow-no scaling av_slideshow_full avia-slide-slider av-slideshow-ui av-control-default av-slideshow-manual av-loop-once av-loop-manual-endless av-default-height-applied   avia-slideshow-1' data-slideshow-options=\"{&quot;animation&quot;:&quot;slide&quot;,&quot;autoplay&quot;:false,&quot;loop_autoplay&quot;:&quot;once&quot;,&quot;interval&quot;:5,&quot;loop_manual&quot;:&quot;manual-endless&quot;,&quot;autoplay_stopper&quot;:false,&quot;noNavigation&quot;:false,&quot;bg_slider&quot;:false,&quot;keep_padding&quot;:false,&quot;hoverpause&quot;:false,&quot;show_slide_delay&quot;:0}\"  itemprop=\"image\" itemscope=\"itemscope\" itemtype=\"https:\/\/schema.org\/ImageObject\" ><ul class='avia-slideshow-inner ' style='padding-bottom: 27.991746905089%;'><li  class='avia-slideshow-slide av-m1jt24m1-caad20bf38d5c214608251842e811966__0  av-single-slide slide-1 slide-odd'><div data-rel='slideshow-1' class='avia-slide-wrap '   ><img decoding=\"async\" fetchpriority=\"high\" class=\"wp-image-6328 avia-img-lazy-loading-not-6328\"  src=\"https:\/\/wp.steclairearras.org\/2024\/wp-content\/uploads\/2024\/09\/Capture-decran-2024-09-26-a-23.10.56.png\" width=\"1454\" height=\"407\" title='Capture d\u2019\u00e9cran 2024-09-26 \u00e0 23.10.56' alt=''  itemprop=\"thumbnailUrl\" srcset=\"https:\/\/wp.steclairearras.org\/2024\/wp-content\/uploads\/2024\/09\/Capture-decran-2024-09-26-a-23.10.56.png 1454w, https:\/\/wp.steclairearras.org\/2024\/wp-content\/uploads\/2024\/09\/Capture-decran-2024-09-26-a-23.10.56-300x84.png 300w, https:\/\/wp.steclairearras.org\/2024\/wp-content\/uploads\/2024\/09\/Capture-decran-2024-09-26-a-23.10.56-1030x288.png 1030w, https:\/\/wp.steclairearras.org\/2024\/wp-content\/uploads\/2024\/09\/Capture-decran-2024-09-26-a-23.10.56-768x215.png 768w, https:\/\/wp.steclairearras.org\/2024\/wp-content\/uploads\/2024\/09\/Capture-decran-2024-09-26-a-23.10.56-705x197.png 705w\" sizes=\"(max-width: 1454px) 100vw, 1454px\" \/><\/div><\/li><\/ul><\/div><\/div>\n<div id='av-layout-grid-1'  class='av-layout-grid-container av-1iwas8p-c282d0a74462a9b7756dac254ff6b4d1 entry-content-wrapper main_color av-fixed-cells  avia-builder-el-1  el_after_av_slideshow_full  el_before_av_section  grid-row-not-first  container_wrap sidebar_right'  >\n\n<style type=\"text\/css\" data-created_by=\"avia_inline_auto\" id=\"style-css-av-5ed1t5-7d1285b9b6b0690741a0cabe2e52a4c1\">\n.flex_cell.av-5ed1t5-7d1285b9b6b0690741a0cabe2e52a4c1{\nvertical-align:top;\nbackground-color:#e4d6be;\n}\n.responsive #top #wrap_all .flex_cell.av-5ed1t5-7d1285b9b6b0690741a0cabe2e52a4c1{\npadding:9px 0px 0px 0px !important;\n}\n<\/style>\n<div class='flex_cell av-5ed1t5-7d1285b9b6b0690741a0cabe2e52a4c1 av-gridrow-cell av_one_half no_margin  avia-builder-el-2  el_before_av_cell_one_half  avia-builder-el-first '  ><div class='flex_cell_inner'><\/div><\/div>\n<style type=\"text\/css\" data-created_by=\"avia_inline_auto\" id=\"style-css-av-1gngc09-56e6e5ef4df869a87f67b32730371d6c\">\n.flex_cell.av-1gngc09-56e6e5ef4df869a87f67b32730371d6c{\nvertical-align:top;\nbackground-color:#e4d6be;\n}\n.responsive #top #wrap_all .flex_cell.av-1gngc09-56e6e5ef4df869a87f67b32730371d6c{\npadding:9px 0px 0px 0px !important;\n}\n<\/style>\n<div class='flex_cell av-1gngc09-56e6e5ef4df869a87f67b32730371d6c av-gridrow-cell av_one_half no_margin  avia-builder-el-3  el_after_av_cell_one_half  avia-builder-el-last '  ><div class='flex_cell_inner'><\/div><\/div>\n<\/div>\n<div id='av_section_1'  class='avia-section av-1dsx27d-b7ad4e9b04d30c78296b584265d8db53 main_color avia-section-small avia-no-border-styling  avia-builder-el-4  el_after_av_layout_row  el_before_av_slideshow  avia-bg-style-scroll container_wrap sidebar_right'  ><div class='container av-section-cont-open' ><div class='template-page content  av-content-small alpha units'><div class='post-entry post-entry-type-page post-entry-4749'><div class='entry-content-wrapper clearfix'>\n<div class='flex_column_table av-4u7qp5-440eaed72a8c5ab7e0527d973806049d sc-av_one_third av-equal-height-column-flextable'>\n<style type=\"text\/css\" data-created_by=\"avia_inline_auto\" id=\"style-css-av-4u7qp5-440eaed72a8c5ab7e0527d973806049d\">\n#top .flex_column_table.av-equal-height-column-flextable.av-4u7qp5-440eaed72a8c5ab7e0527d973806049d{\nmargin-top:-100px;\nmargin-bottom:0px;\n}\n.flex_column.av-4u7qp5-440eaed72a8c5ab7e0527d973806049d{\nborder-radius:0px 0px 0px 0px;\npadding:40px 40px 40px 40px;\n}\n<\/style>\n<div  class='flex_column av-4u7qp5-440eaed72a8c5ab7e0527d973806049d av_one_third  avia-builder-el-5  el_before_av_one_third  avia-builder-el-first  first no_margin flex_column_table_cell av-equal-height-column av-align-top  '     ><\/div>\n<style type=\"text\/css\" data-created_by=\"avia_inline_auto\" id=\"style-css-av-1ap67o9-26190376cd712d7c441fa28e86980f68\">\n#top .flex_column_table.av-equal-height-column-flextable.av-1ap67o9-26190376cd712d7c441fa28e86980f68{\nmargin-top:-100px;\nmargin-bottom:0px;\n}\n.flex_column.av-1ap67o9-26190376cd712d7c441fa28e86980f68{\nborder-radius:0px 0px 0px 0px;\npadding:30px 30px 30px 30px;\nbackground-color:#e4d6be;\n}\n<\/style>\n<div  class='flex_column av-1ap67o9-26190376cd712d7c441fa28e86980f68 av_one_third  avia-builder-el-6  el_after_av_one_third  el_before_av_one_third  no_margin flex_column_table_cell av-equal-height-column av-align-top  '     ><p>\n<style type=\"text\/css\" data-created_by=\"avia_inline_auto\" id=\"style-css-av-19kriuh-9077458980b62dcf491c532cb9103a9f\">\n#top .hr.hr-invisible.av-19kriuh-9077458980b62dcf491c532cb9103a9f{\nheight:20px;\n}\n<\/style>\n<div  class='hr av-19kriuh-9077458980b62dcf491c532cb9103a9f hr-invisible  avia-builder-el-7  el_before_av_textblock  avia-builder-el-first '><span class='hr-inner '><span class=\"hr-inner-style\"><\/span><\/span><\/div><br \/>\n\n<style type=\"text\/css\" data-created_by=\"avia_inline_auto\" id=\"style-css-av-lq868lpa-f3ced9f8fc72f808385dd965f2ecee8a\">\n#top .av_textblock_section.av-lq868lpa-f3ced9f8fc72f808385dd965f2ecee8a .avia_textblock{\ncolor:#9b776b;\ntext-align:center;\n}\n<\/style>\n<section  class='av_textblock_section av-lq868lpa-f3ced9f8fc72f808385dd965f2ecee8a '   itemscope=\"itemscope\" itemtype=\"https:\/\/schema.org\/CreativeWork\" ><div class='avia_textblock av_inherit_color'  itemprop=\"text\" ><h2>Notre projet<\/h2>\n<\/div><\/section><br \/>\n\n<style type=\"text\/css\" data-created_by=\"avia_inline_auto\" id=\"style-css-av-18d1nw9-60a150b59f24b59f19feab34def21db0\">\n#top .hr.hr-invisible.av-18d1nw9-60a150b59f24b59f19feab34def21db0{\nheight:8px;\n}\n<\/style>\n<div  class='hr av-18d1nw9-60a150b59f24b59f19feab34def21db0 hr-invisible  avia-builder-el-9  el_after_av_textblock  avia-builder-el-last '><span class='hr-inner '><span class=\"hr-inner-style\"><\/span><\/span><\/div><\/p><\/div>\n<style type=\"text\/css\" data-created_by=\"avia_inline_auto\" id=\"style-css-av-165vfvd-8cc1b8e4da3d687b7d0be9dd641eaf59\">\n#top .flex_column_table.av-equal-height-column-flextable.av-165vfvd-8cc1b8e4da3d687b7d0be9dd641eaf59{\nmargin-top:-100px;\nmargin-bottom:0px;\n}\n.flex_column.av-165vfvd-8cc1b8e4da3d687b7d0be9dd641eaf59{\nborder-radius:0px 0px 0px 0px;\npadding:40px 40px 40px 40px;\n}\n<\/style>\n<div  class='flex_column av-165vfvd-8cc1b8e4da3d687b7d0be9dd641eaf59 av_one_third  avia-builder-el-10  el_after_av_one_third  el_before_av_one_half  no_margin flex_column_table_cell av-equal-height-column av-align-top  '     ><\/div><\/div><!--close column table wrapper. Autoclose: 1 --><div  class='flex_column av-3xtrod-76f47dc2714730b9b21c6fd756039de9 av_one_half  avia-builder-el-11  el_after_av_one_third  el_before_av_one_half  first flex_column_div  column-top-margin'     ><\/div><div  class='flex_column av-2nze3h-4cc22abd225f62375c940068a8c51b84 av_one_half  avia-builder-el-13  el_after_av_one_half  avia-builder-el-last  flex_column_div  column-top-margin'     ><p><div  class='avia-testimonial-wrapper av-m3j7bshg-12afbbe55e58e5ad43ad3117e9d530be avia-grid-testimonials avia-grid-2-testimonials avia_animate_when_almost_visible' >\n<section class=\"avia-testimonial-row\"><div class='avia-testimonial av-m3j7brks-2c02cd72c7b1b91b57ceffc83703202b avia-testimonial-row-1 avia-first-testimonial flex_column no_margin av_one_half'><div class='avia-testimonial_inner'  itemscope=\"itemscope\" itemtype=\"https:\/\/schema.org\/CreativeWork\" ><div class='avia-testimonial-content '><div class='avia-testimonial-markup-entry-content'  itemprop=\"text\" ><blockquote>\n<p>Contribuez \u00e0 maintenir et d\u00e9velopper la pr\u00e9sence multis\u00e9culaire d&rsquo;un monast\u00e8re fond\u00e9 \u00ab\u00a0pour louer Dieu \u00e0 perp\u00e9tuit\u00e9\u00a0\u00bb et voulu \u00e0 Arras par Sainte Colette de Corbie.<\/p>\n<\/blockquote>\n<\/div><\/div><div class=\"avia-testimonial-meta\"><div class=\"avia-testimonial-arrow-wrap\"><div class=\"avia-arrow\"><\/div><\/div><div class='avia-testimonial-meta-mini'  itemprop=\"author\" itemscope=\"itemscope\" itemtype=\"https:\/\/schema.org\/Person\" ><\/div><\/div><\/div><\/div>\n<\/section><\/div><br \/>\n\n<style type=\"text\/css\" data-created_by=\"avia_inline_auto\" id=\"style-css-av-lq8k28il-6676e9b79708e434e4e91efda14d0107\">\n#top .av_textblock_section.av-lq8k28il-6676e9b79708e434e4e91efda14d0107 .avia_textblock{\nfont-size:20px;\ntext-align:left;\n}\n<\/style>\n<section  class='av_textblock_section av-lq8k28il-6676e9b79708e434e4e91efda14d0107 '   itemscope=\"itemscope\" itemtype=\"https:\/\/schema.org\/CreativeWork\" ><div class='avia_textblock'  itemprop=\"text\" ><p>Notre projet consiste \u00e0 adapter le monast\u00e8re pour maintenir et d\u00e9velopper ce lieu de rencontre de Dieu et des homme, gr\u00e2ce \u00e0 la pr\u00e9sence des Clarisses au c\u0153ur de la ville d&rsquo;Arras.<\/p>\n<\/div><\/section><br \/>\n<div  class='avia-button-wrap av-m3hg47v0-29405178dbb36a285f213948fba33612-wrap avia-button-center  avia-builder-el-16  el_after_av_textblock  avia-builder-el-last '><a href='https:\/\/www.credofunding.fr\/fr\/clarisses-arras' class='avia-button av-m3hg47v0-29405178dbb36a285f213948fba33612 avia-icon_select-no avia-size-medium avia-position-center avia-color-theme-color' target=\"_blank\" rel=\"noopener noreferrer\"><span class='avia_iconbox_title' >Soutenir notre projet <\/span><\/a><\/div><\/p><\/div>\n<\/div><\/div><\/div><!-- close content main div --><\/div><\/div><div id='after_section_1'  class='main_color av_default_container_wrap container_wrap sidebar_right'  ><div class='container av-section-cont-open' ><div class='template-page content  av-content-small alpha units'><div class='post-entry post-entry-type-page post-entry-4749'><div class='entry-content-wrapper clearfix'>\n<div  class='avia-slideshow av-mfnwxbbm-777955f45ef090fdfcc1300740791671 avia-slideshow-featured av_slideshow avia-slide-slider  avia-builder-el-17  el_after_av_section  el_before_av_button_big  avia-builder-el-no-sibling  av-slideshow-ui av-control-default av-slideshow-manual av-loop-once av-loop-manual-endless av-default-height-applied avia-slideshow-2' data-slideshow-options=\"{&quot;animation&quot;:&quot;slide&quot;,&quot;autoplay&quot;:false,&quot;loop_autoplay&quot;:&quot;once&quot;,&quot;interval&quot;:5,&quot;loop_manual&quot;:&quot;manual-endless&quot;,&quot;autoplay_stopper&quot;:false,&quot;noNavigation&quot;:false,&quot;bg_slider&quot;:false,&quot;keep_padding&quot;:false,&quot;hoverpause&quot;:false,&quot;show_slide_delay&quot;:0}\"  itemprop=\"image\" itemscope=\"itemscope\" itemtype=\"https:\/\/schema.org\/ImageObject\" ><ul class='avia-slideshow-inner ' style='padding-bottom: 28.666666666667%;'><li  data-controls='' data-mute='aviaTBaviaTBvideo_mute' data-loop='' data-disable-autoplay=''  data-video-ratio='1.7777777777778' class='avia-slideshow-slide av-mfnwxbbm-777955f45ef090fdfcc1300740791671__0  av-video-slide  av-video-service-youtube  av-mute-video av-mobile-fallback-image  av-single-slide slide-1 slide-odd'><div data-rel='slideshow-2' class='avia-slide-wrap '   ><div class='av-click-overlay'><\/div><div class='mejs-mediaelement'  itemprop=\"video\" itemtype=\"https:\/\/schema.org\/VideoObject\" ><div height='1600' width='900' class='av_youtube_frame' id='player_4749_1288098188_907340160'  data-autoplay='0'  data-videoid='t8ZPozpzYZ8'  data-hd='1'  data-rel='0'  data-wmode='opaque'  data-loop='0'  data-version='3'  data-autohide='1'  data-color='white'  data-controls='1'  data-iv_load_policy='3'  data-original_url='https:\/\/youtu.be\/t8ZPozpzYZ8' ><\/div><\/div><div class=\"av-click-to-play-overlay\"><div class=\"avia_playpause_icon\"><\/div><\/div><\/div><\/li><\/ul><\/div>\n<div  class='avia-button-wrap avia-button-center  avia-builder-el-18  el_after_av_slideshow  el_before_av_section '>\n<style type=\"text\/css\" data-created_by=\"avia_inline_auto\" id=\"style-css-av-m1jsws27-a699de5808bd8157391d0711e2644781\">\n#top #wrap_all .avia-button.av-m1jsws27-a699de5808bd8157391d0711e2644781:hover{\ncolor:white;\ntransition:all 0.4s ease-in-out;\n}\n<\/style>\n<a href='http:\/\/wp.steclairearras.org\/2024\/wp-content\/uploads\/2025\/10\/Plaquette-du-projet-sept-20252.pdf' class='avia-color-theme-color avia-font-color-theme-color avia-button avia-button-fullwidth av-m1jsws27-a699de5808bd8157391d0711e2644781 avia-icon_select-no avia-color-theme-color'  target=\"_blank\"  rel=\"noopener noreferrer\" ><span class='avia_iconbox_title' >T\u00e9l\u00e9charger la plaquette du projet en PDF<\/span><span class='avia_button_background avia-button avia-button-fullwidth avia-color-theme-color-highlight'><\/span><\/a><\/div>\n<div id='av_section_2'  class='avia-section av-d281j1-f6c776f056ec35475a9456f75edcc142 main_color avia-section-small avia-no-border-styling  avia-builder-el-19  el_after_av_button_big  avia-builder-el-last  avia-bg-style-scroll container_wrap sidebar_right'  ><div class='container av-section-cont-open' ><div class='template-page content  av-content-small alpha units'><div class='post-entry post-entry-type-page post-entry-4749'><div class='entry-content-wrapper clearfix'>\n\n<style type=\"text\/css\" data-created_by=\"avia_inline_auto\" id=\"style-css-av-m1jso5kp-eb8d72e9e2746410473d7f78fadb3b1f\">\n#top .av-special-heading.av-m1jso5kp-eb8d72e9e2746410473d7f78fadb3b1f{\npadding-bottom:10px;\n}\nbody .av-special-heading.av-m1jso5kp-eb8d72e9e2746410473d7f78fadb3b1f .av-special-heading-tag .heading-char{\nfont-size:25px;\n}\n.av-special-heading.av-m1jso5kp-eb8d72e9e2746410473d7f78fadb3b1f .av-subheading{\nfont-size:15px;\n}\n<\/style>\n<div  class='av-special-heading av-m1jso5kp-eb8d72e9e2746410473d7f78fadb3b1f av-special-heading-h2  avia-builder-el-20  el_before_av_textblock  avia-builder-el-first '><h2 class='av-special-heading-tag'  itemprop=\"headline\"  >Objectif<\/h2><div class=\"special-heading-border\"><div class=\"special-heading-inner-border\"><\/div><\/div><\/div>\n\n<style type=\"text\/css\" data-created_by=\"avia_inline_auto\" id=\"style-css-av-2ccsnh-d98e5325ffc3374c05ceb624d141b9fc\">\n#top .av_textblock_section.av-2ccsnh-d98e5325ffc3374c05ceb624d141b9fc .avia_textblock{\ntext-align:left;\n}\n<\/style>\n<section  class='av_textblock_section av-2ccsnh-d98e5325ffc3374c05ceb624d141b9fc '   itemscope=\"itemscope\" itemtype=\"https:\/\/schema.org\/CreativeWork\" ><div class='avia_textblock'  itemprop=\"text\" ><h3>Cr\u00e9er les conditions d\u2019accueil pour :<\/h3>\n<blockquote>\n<div style=\"text-align: left;\">14 S\u0153urs en communaut\u00e9<\/div>\n<div style=\"text-align: left;\">100 fid\u00e8les dans la chapelle<\/div>\n<div style=\"text-align: left;\">50 personnes en salle d\u2019accueil<\/div>\n<\/blockquote>\n<\/div><\/section>\n\n\n\n<style type=\"text\/css\" data-created_by=\"avia_inline_auto\" id=\"style-css-av-mgwqzlj6-e748f32ea3bcb9d2d696838fc5f8d68d\">\n.avia-image-container.av-mgwqzlj6-e748f32ea3bcb9d2d696838fc5f8d68d img.avia_image{\nbox-shadow:none;\n}\n.avia-image-container.av-mgwqzlj6-e748f32ea3bcb9d2d696838fc5f8d68d .av-image-caption-overlay-center{\ncolor:#ffffff;\n}\n<\/style>\n<div  class='avia-image-container av-mgwqzlj6-e748f32ea3bcb9d2d696838fc5f8d68d av-styling- avia-align-center  avia-builder-el-24  el_after_av_slideshow  el_before_av_image '   itemprop=\"image\" itemscope=\"itemscope\" itemtype=\"https:\/\/schema.org\/ImageObject\" ><div class=\"avia-image-container-inner\"><div class=\"avia-image-overlay-wrap\"><img decoding=\"async\" fetchpriority=\"high\" class='wp-image-7072 avia-img-lazy-loading-not-7072 avia_image ' src=\"https:\/\/wp.steclairearras.org\/2024\/wp-content\/uploads\/2025\/10\/PLA-RECTO-25-10-1.jpg\" alt='' title='PLA RECTO 25-10'  height=\"540\" width=\"960\"  itemprop=\"thumbnailUrl\" srcset=\"https:\/\/wp.steclairearras.org\/2024\/wp-content\/uploads\/2025\/10\/PLA-RECTO-25-10-1.jpg 960w, https:\/\/wp.steclairearras.org\/2024\/wp-content\/uploads\/2025\/10\/PLA-RECTO-25-10-1-300x169.jpg 300w, https:\/\/wp.steclairearras.org\/2024\/wp-content\/uploads\/2025\/10\/PLA-RECTO-25-10-1-768x432.jpg 768w, https:\/\/wp.steclairearras.org\/2024\/wp-content\/uploads\/2025\/10\/PLA-RECTO-25-10-1-705x397.jpg 705w\" sizes=\"(max-width: 960px) 100vw, 960px\" \/><\/div><\/div><\/div>\n\n<style type=\"text\/css\" data-created_by=\"avia_inline_auto\" id=\"style-css-av-m1jsyplp-4af8501303e136f9aa9b408e4a9fd29f\">\n.avia-image-container.av-m1jsyplp-4af8501303e136f9aa9b408e4a9fd29f img.avia_image{\nbox-shadow:none;\n}\n.avia-image-container.av-m1jsyplp-4af8501303e136f9aa9b408e4a9fd29f .av-image-caption-overlay-center{\ncolor:#ffffff;\n}\n<\/style>\n<div  class='avia-image-container av-m1jsyplp-4af8501303e136f9aa9b408e4a9fd29f av-styling- avia-align-center  avia-builder-el-25  el_after_av_image  el_before_av_heading '   itemprop=\"image\" itemscope=\"itemscope\" itemtype=\"https:\/\/schema.org\/ImageObject\" ><div class=\"avia-image-container-inner\"><div class=\"avia-image-overlay-wrap\"><img decoding=\"async\" fetchpriority=\"high\" class='wp-image-7073 avia-img-lazy-loading-not-7073 avia_image ' src=\"https:\/\/wp.steclairearras.org\/2024\/wp-content\/uploads\/2025\/10\/PLA-VERSO-10-25-1.jpg\" alt='' title='PLA VERSO 10-25'  height=\"540\" width=\"960\"  itemprop=\"thumbnailUrl\" srcset=\"https:\/\/wp.steclairearras.org\/2024\/wp-content\/uploads\/2025\/10\/PLA-VERSO-10-25-1.jpg 960w, https:\/\/wp.steclairearras.org\/2024\/wp-content\/uploads\/2025\/10\/PLA-VERSO-10-25-1-300x169.jpg 300w, https:\/\/wp.steclairearras.org\/2024\/wp-content\/uploads\/2025\/10\/PLA-VERSO-10-25-1-768x432.jpg 768w, https:\/\/wp.steclairearras.org\/2024\/wp-content\/uploads\/2025\/10\/PLA-VERSO-10-25-1-705x397.jpg 705w\" sizes=\"(max-width: 960px) 100vw, 960px\" \/><\/div><\/div><\/div>\n\n\n<style type=\"text\/css\" data-created_by=\"avia_inline_auto\" id=\"style-css-av-3y3ubx-7e5f059f9dfb6c2be10ae0048503f0ff\">\n#top .av-special-heading.av-3y3ubx-7e5f059f9dfb6c2be10ae0048503f0ff{\npadding-bottom:10px;\n}\nbody .av-special-heading.av-3y3ubx-7e5f059f9dfb6c2be10ae0048503f0ff .av-special-heading-tag .heading-char{\nfont-size:25px;\n}\n.av-special-heading.av-3y3ubx-7e5f059f9dfb6c2be10ae0048503f0ff .av-subheading{\nfont-size:15px;\n}\n<\/style>\n<div  class='av-special-heading av-3y3ubx-7e5f059f9dfb6c2be10ae0048503f0ff av-special-heading-h3  avia-builder-el-27  el_after_av_heading  el_before_av_textblock '><h3 class='av-special-heading-tag'  itemprop=\"headline\"  >Comment nous soutenir ?<\/h3><div class=\"special-heading-border\"><div class=\"special-heading-inner-border\"><\/div><\/div><\/div>\n<section  class='av_textblock_section av-2k4xj1-e87181f739bc72654fb39e31016e56da '   itemscope=\"itemscope\" itemtype=\"https:\/\/schema.org\/CreativeWork\" ><div class='avia_textblock'  itemprop=\"text\" ><h3><strong>Par envoi postal :<\/strong><\/h3>\n<h4>Vous pouvez envoyer votre don par ch\u00e8que \u00e0 l&rsquo;adresse suivante :<\/h4>\n<blockquote>\n<p><strong>Monast\u00e8re Sainte Claire<\/strong><br \/>\n1, rue Sainte Claire<br \/>\n62000 ARRAS<\/p>\n<\/blockquote>\n<p><strong>Ch\u00e8que libell\u00e9 \u00e0 l\u2019ordre de<\/strong> : <em>\u00ab Monast\u00e8re Sainte Claire ARRAS \u00bb<\/em><\/p>\n<p><strong><em>Attention : Aucun re\u00e7u fiscal ne sera d\u00e9livr\u00e9 dans ce cas.<\/em><\/strong><\/p>\n<h4><strong>Pour recevoir un re\u00e7u fiscal :<\/strong><\/h4>\n<blockquote>\n<p>Libellez votre ch\u00e8que \u00e0 l\u2019ordre de <em>\u00ab Fondation des Monast\u00e8res \u00bb<\/em> et inscrivez au dos : <em>\u00ab En faveur du Monast\u00e8re Sainte Claire ARRAS \u00bb<\/em><\/p>\n<\/blockquote>\n<h3><strong>Faire un don en ligne :<\/strong><\/h3>\n<p>Vous pouvez \u00e9galement faire un don via le site de la Fondation des Monast\u00e8res :<\/p>\n<p><a href=\"https:\/\/don.fondationdesmonasteres.org\/clarissesarras\">Faire un don en ligne<\/a><\/p>\n<p><em><strong>Remarque<\/strong> : 5% du montant de votre don contribue au fonds de solidarit\u00e9, destin\u00e9 \u00e0 aider les communaut\u00e9s en difficult\u00e9.<\/em><\/p>\n<\/div><\/section>\n\n<style type=\"text\/css\" data-created_by=\"avia_inline_auto\" id=\"style-css-av-m1jr5rea-59f5513d3edb60eb3cc7b6d558e36d66\">\n#top .av-special-heading.av-m1jr5rea-59f5513d3edb60eb3cc7b6d558e36d66{\npadding-bottom:10px;\n}\nbody .av-special-heading.av-m1jr5rea-59f5513d3edb60eb3cc7b6d558e36d66 .av-special-heading-tag .heading-char{\nfont-size:25px;\n}\n.av-special-heading.av-m1jr5rea-59f5513d3edb60eb3cc7b6d558e36d66 .av-subheading{\nfont-size:15px;\n}\n<\/style>\n<div  class='av-special-heading av-m1jr5rea-59f5513d3edb60eb3cc7b6d558e36d66 av-special-heading-h3  avia-builder-el-29  el_after_av_textblock  el_before_av_textblock '><h3 class='av-special-heading-tag'  itemprop=\"headline\"  >Avantages fiscaux<\/h3><div class=\"special-heading-border\"><div class=\"special-heading-inner-border\"><\/div><\/div><\/div>\n<section  class='av_textblock_section av-m1jr663o-a3523f7b78807e5fe0648d40c0a787b2 '   itemscope=\"itemscope\" itemtype=\"https:\/\/schema.org\/CreativeWork\" ><div class='avia_textblock'  itemprop=\"text\" ><h3><\/h3>\n<blockquote>\n<p><strong>Particuliers<\/strong> : Vous b\u00e9n\u00e9ficiez d&rsquo;une r\u00e9duction d\u2019imp\u00f4t de 66% du montant de votre don, dans la limite de 20% de votre revenu imposable.<\/p>\n<p><strong>Assujettis \u00e0 l\u2019Imp\u00f4t sur la Fortune Immobili\u00e8re (IFI)<\/strong> : 75% du montant de votre don est d\u00e9ductible, dans la limite de 50 000 \u20ac.<\/p>\n<p><strong>Entreprises<\/strong> : Vous pouvez d\u00e9duire 60% du montant de votre don, dans la limite de 5% de votre chiffre d\u2019affaires.<\/p>\n<\/blockquote>\n<h5><strong>En cas de succession :<\/strong><\/h5>\n<h5>La communaut\u00e9 des Clarisses d&rsquo;Arras, l\u00e9galement reconnue, peut \u00eatre b\u00e9n\u00e9ficiaire de legs, donations et assurances vie. Si vous avez un tel projet, contactez le Monast\u00e8re<\/h5>\n<\/div><\/section>\n<\/div><\/div><\/div><!-- close content main div --><\/div><\/div><div id='after_section_2'  class='main_color av_default_container_wrap container_wrap sidebar_right'  ><div class='container av-section-cont-open' ><div class='template-page content  av-content-small alpha units'><div class='post-entry post-entry-type-page post-entry-4749'><div class='entry-content-wrapper clearfix'>\n","protected":false},"excerpt":{"rendered":"","protected":false},"author":1,"featured_media":0,"parent":0,"menu_order":0,"comment_status":"closed","ping_status":"closed","template":"","meta":{"footnotes":""},"class_list":["post-4749","page","type-page","status-publish","hentry"],"_links":{"self":[{"href":"https:\/\/wp.steclairearras.org\/2024\/wp-json\/wp\/v2\/pages\/4749","targetHints":{"allow":["GET"]}}],"collection":[{"href":"https:\/\/wp.steclairearras.org\/2024\/wp-json\/wp\/v2\/pages"}],"about":[{"href":"https:\/\/wp.steclairearras.org\/2024\/wp-json\/wp\/v2\/types\/page"}],"author":[{"embeddable":true,"href":"https:\/\/wp.steclairearras.org\/2024\/wp-json\/wp\/v2\/users\/1"}],"replies":[{"embeddable":true,"href":"https:\/\/wp.steclairearras.org\/2024\/wp-json\/wp\/v2\/comments?post=4749"}],"version-history":[{"count":29,"href":"https:\/\/wp.steclairearras.org\/2024\/wp-json\/wp\/v2\/pages\/4749\/revisions"}],"predecessor-version":[{"id":7099,"href":"https:\/\/wp.steclairearras.org\/2024\/wp-json\/wp\/v2\/pages\/4749\/revisions\/7099"}],"wp:attachment":[{"href":"https:\/\/wp.steclairearras.org\/2024\/wp-json\/wp\/v2\/media?parent=4749"}],"curies":[{"name":"wp","href":"https:\/\/api.w.org\/{rel}","templated":true}]}}