{"id":185,"date":"2023-08-03T16:29:55","date_gmt":"2023-08-03T14:29:55","guid":{"rendered":"http:\/\/wp.steclairearras.org\/wordpress\/?page_id=185"},"modified":"2023-08-21T18:00:29","modified_gmt":"2023-08-21T16:00:29","slug":"aide","status":"publish","type":"page","link":"https:\/\/wp.steclairearras.org\/wordpress\/aide\/","title":{"rendered":"Nous aider"},"content":{"rendered":"\n<h2 class=\"wp-block-heading has-text-align-center\">Vous pouvez soutenir le<br>monast\u00e8re en envoyant un don&#8230;<\/h2>\n\n\n\n<h3 class=\"wp-block-heading has-text-align-center\">Par courrier<\/h3>\n\n\n\n<div class=\"wp-block-media-text alignwide is-stacked-on-mobile\" style=\"grid-template-columns:15% auto\"><figure class=\"wp-block-media-text__media\"><img loading=\"lazy\" decoding=\"async\" width=\"256\" height=\"256\" src=\"http:\/\/wp.steclairearras.org\/wordpress\/wp-content\/uploads\/2023\/08\/envelope_134869-1.png\" alt=\"\" class=\"wp-image-193 size-full\" srcset=\"https:\/\/wp.steclairearras.org\/wordpress\/wp-content\/uploads\/2023\/08\/envelope_134869-1.png 256w, https:\/\/wp.steclairearras.org\/wordpress\/wp-content\/uploads\/2023\/08\/envelope_134869-1-150x150.png 150w\" sizes=\"auto, (max-width: 256px) 100vw, 256px\" \/><\/figure><div class=\"wp-block-media-text__content\">\n<p class=\"has-text-align-center has-medium-font-size\">Envoyez votre don \u00e0 l&rsquo;adresse :<\/p>\n\n\n\n<p class=\"has-text-align-center has-medium-font-size\"><strong>Monast\u00e8re sainte Claire<\/strong><br><strong>1, rue sainte Claire<\/strong><br><strong>62000 ARRAS<\/strong><\/p>\n<\/div><\/div>\n\n\n\n<div style=\"height:50px\" aria-hidden=\"true\" class=\"wp-block-spacer\"><\/div>\n\n\n\n<h3 class=\"wp-block-heading has-text-align-center\">Par courrier<\/h3>\n\n\n\n<div class=\"wp-block-media-text alignwide is-stacked-on-mobile\" style=\"grid-template-columns:15% auto\"><figure class=\"wp-block-media-text__media\"><img loading=\"lazy\" decoding=\"async\" width=\"256\" height=\"256\" src=\"http:\/\/wp.steclairearras.org\/wordpress\/wp-content\/uploads\/2023\/08\/bank-check_4995065.png\" alt=\"\" class=\"wp-image-189 size-full\" srcset=\"https:\/\/wp.steclairearras.org\/wordpress\/wp-content\/uploads\/2023\/08\/bank-check_4995065.png 256w, https:\/\/wp.steclairearras.org\/wordpress\/wp-content\/uploads\/2023\/08\/bank-check_4995065-150x150.png 150w\" sizes=\"auto, (max-width: 256px) 100vw, 256px\" \/><\/figure><div class=\"wp-block-media-text__content\">\n<p class=\"has-text-align-center has-medium-font-size\">Adressez votre ch\u00e8que \u00e0 l&rsquo;ordre du<br>\u00ab\u00a0<strong>Monast\u00e8re sainte Claire&nbsp;ARRAS<\/strong>\u00ab\u00a0<\/p>\n\n\n\n<p class=\"has-text-align-center has-medium-font-size\" style=\"font-style:italic;font-weight:400\">NB : Dans ce cas, aucun re\u00e7u fiscal<br>ne vous sera adress\u00e9<\/p>\n<\/div><\/div>\n\n\n\n<div style=\"height:50px\" aria-hidden=\"true\" class=\"wp-block-spacer\"><\/div>\n\n\n\n<h3 class=\"wp-block-heading has-text-align-center\">Par ch\u00e8que avec re\u00e7u fiscal<\/h3>\n\n\n\n<div class=\"wp-block-media-text alignwide is-stacked-on-mobile\" style=\"grid-template-columns:15% auto\"><figure class=\"wp-block-media-text__media\"><img loading=\"lazy\" decoding=\"async\" width=\"256\" height=\"256\" src=\"http:\/\/wp.steclairearras.org\/wordpress\/wp-content\/uploads\/2023\/08\/taxes.png\" alt=\"\" class=\"wp-image-192 size-full\" srcset=\"https:\/\/wp.steclairearras.org\/wordpress\/wp-content\/uploads\/2023\/08\/taxes.png 256w, https:\/\/wp.steclairearras.org\/wordpress\/wp-content\/uploads\/2023\/08\/taxes-150x150.png 150w\" sizes=\"auto, (max-width: 256px) 100vw, 256px\" \/><\/figure><div class=\"wp-block-media-text__content\">\n<p class=\"has-text-align-center has-medium-font-size\">Faites un ch\u00e8que libell\u00e9 \u00e0 l&rsquo;ordre de<br>la <strong>\u00ab\u00a0Fondation des Monast\u00e8res\u00a0\u00bb<\/strong><br>et pr\u00e9cisez au dos du ch\u00e8que<br>\u00ab\u00a0<strong>En faveur du Monast\u00e8re sainte Claire ARRAS<\/strong>\u00ab\u00a0<\/p>\n<\/div><\/div>\n\n\n\n<div style=\"height:50px\" aria-hidden=\"true\" class=\"wp-block-spacer\"><\/div>\n\n\n\n<h3 class=\"wp-block-heading has-text-align-center\">En ligne<\/h3>\n\n\n\n<div class=\"wp-block-media-text alignwide is-stacked-on-mobile\" style=\"grid-template-columns:15% auto\"><figure class=\"wp-block-media-text__media\"><img loading=\"lazy\" decoding=\"async\" width=\"256\" height=\"256\" src=\"http:\/\/wp.steclairearras.org\/wordpress\/wp-content\/uploads\/2023\/08\/monitor.png\" alt=\"\" class=\"wp-image-191 size-full\" srcset=\"https:\/\/wp.steclairearras.org\/wordpress\/wp-content\/uploads\/2023\/08\/monitor.png 256w, https:\/\/wp.steclairearras.org\/wordpress\/wp-content\/uploads\/2023\/08\/monitor-150x150.png 150w\" sizes=\"auto, (max-width: 256px) 100vw, 256px\" \/><\/figure><div class=\"wp-block-media-text__content\">\n<div class=\"wp-block-columns is-layout-flex wp-container-core-columns-is-layout-9d6595d7 wp-block-columns-is-layout-flex\">\n<div class=\"wp-block-column is-layout-flow wp-block-column-is-layout-flow\" style=\"flex-basis:50%\">\n<p class=\"has-text-align-center has-medium-font-size\">Rendez vous sur le site de la<\/p>\n\n\n\n<p class=\"has-text-align-center has-medium-font-size\"><a rel=\"noreferrer noopener\" href=\"https:\/\/don.fondationdesmonasteres.org\/soutenir\" target=\"_blank\"><span style=\"text-decoration: underline;\"><strong>Fondation des Monast\u00e8res<\/strong><\/span><\/a> et rentrez les informations suivantes dans la colonne de gauche<\/p>\n<\/div>\n\n\n\n<div class=\"wp-block-column is-layout-flow wp-block-column-is-layout-flow\" style=\"flex-basis:50%\"><div class=\"wp-block-image\">\n<figure class=\"aligncenter size-full is-resized\"><img loading=\"lazy\" decoding=\"async\" src=\"http:\/\/wp.steclairearras.org\/wordpress\/wp-content\/uploads\/2023\/08\/Capture-decran-2023-08-03-162527.png\" alt=\"\" class=\"wp-image-196\" style=\"width:333px;height:181px\" width=\"333\" height=\"181\" srcset=\"https:\/\/wp.steclairearras.org\/wordpress\/wp-content\/uploads\/2023\/08\/Capture-decran-2023-08-03-162527.png 454w, https:\/\/wp.steclairearras.org\/wordpress\/wp-content\/uploads\/2023\/08\/Capture-decran-2023-08-03-162527-300x163.png 300w\" sizes=\"auto, (max-width: 333px) 100vw, 333px\" \/><\/figure>\n<\/div><\/div>\n<\/div>\n<\/div><\/div>\n","protected":false},"excerpt":{"rendered":"<p>Vous pouvez soutenir lemonast\u00e8re en envoyant un don&#8230; Par courrier Envoyez votre don \u00e0 l&rsquo;adresse : Monast\u00e8re sainte Claire1, rue sainte Claire62000 ARRAS Par courrier Adressez votre ch\u00e8que \u00e0 l&rsquo;ordre du\u00ab\u00a0Monast\u00e8re sainte Claire&nbsp;ARRAS\u00ab\u00a0 NB : Dans ce cas, aucun re\u00e7u fiscalne vous sera adress\u00e9 Par ch\u00e8que avec re\u00e7u fiscal Faites un ch\u00e8que libell\u00e9 \u00e0 l&rsquo;ordre [&hellip;]<\/p>\n","protected":false},"author":1,"featured_media":0,"parent":0,"menu_order":0,"comment_status":"closed","ping_status":"closed","template":"","meta":{"footnotes":""},"class_list":["post-185","page","type-page","status-publish","hentry"],"_links":{"self":[{"href":"https:\/\/wp.steclairearras.org\/wordpress\/wp-json\/wp\/v2\/pages\/185","targetHints":{"allow":["GET"]}}],"collection":[{"href":"https:\/\/wp.steclairearras.org\/wordpress\/wp-json\/wp\/v2\/pages"}],"about":[{"href":"https:\/\/wp.steclairearras.org\/wordpress\/wp-json\/wp\/v2\/types\/page"}],"author":[{"embeddable":true,"href":"https:\/\/wp.steclairearras.org\/wordpress\/wp-json\/wp\/v2\/users\/1"}],"replies":[{"embeddable":true,"href":"https:\/\/wp.steclairearras.org\/wordpress\/wp-json\/wp\/v2\/comments?post=185"}],"version-history":[{"count":12,"href":"https:\/\/wp.steclairearras.org\/wordpress\/wp-json\/wp\/v2\/pages\/185\/revisions"}],"predecessor-version":[{"id":235,"href":"https:\/\/wp.steclairearras.org\/wordpress\/wp-json\/wp\/v2\/pages\/185\/revisions\/235"}],"wp:attachment":[{"href":"https:\/\/wp.steclairearras.org\/wordpress\/wp-json\/wp\/v2\/media?parent=185"}],"curies":[{"name":"wp","href":"https:\/\/api.w.org\/{rel}","templated":true}]}}