{"id":224,"date":"2023-08-04T12:41:54","date_gmt":"2023-08-04T10:41:54","guid":{"rendered":"http:\/\/wp.steclairearras.org\/wordpress\/?page_id=224"},"modified":"2023-09-19T16:28:12","modified_gmt":"2023-09-19T14:28:12","slug":"intercession","status":"publish","type":"page","link":"https:\/\/wp.steclairearras.org\/wordpress\/intercession\/","title":{"rendered":"Intercessions"},"content":{"rendered":"\n<h2 class=\"wp-block-heading has-text-align-center\">Prier avec Sainte Colette<br>pour les couples en d\u00e9sir d&rsquo;enfant<\/h2>\n\n\n<div class=\"wp-block-image\">\n<figure class=\"aligncenter size-full is-resized\"><img decoding=\"async\" src=\"http:\/\/wp.steclairearras.org\/wordpress\/wp-content\/uploads\/2023\/08\/image_2023-08-24_181951009.png\" alt=\"\" class=\"wp-image-241\" style=\"height:500px\" height=\"500\" srcset=\"https:\/\/wp.steclairearras.org\/wordpress\/wp-content\/uploads\/2023\/08\/image_2023-08-24_181951009.png 640w, https:\/\/wp.steclairearras.org\/wordpress\/wp-content\/uploads\/2023\/08\/image_2023-08-24_181951009-300x200.png 300w\" sizes=\"(max-width: 640px) 100vw, 640px\" \/><\/figure>\n<\/div>\n\n\n<p class=\"has-text-align-center has-text-color has-medium-font-size\" style=\"color:#993300\"><strong>Colette voit le jour le 13 janvier 1381, \u00e0 Corbie, pr\u00e8s d\u2019Amiens, en Picardie. Une naissance inesp\u00e9r\u00e9e dans la mesure o\u00f9 sa m\u00e8re \u00e9tait \u00e2g\u00e9e de plus de 60 ans. Voil\u00e0 pourquoi les couples en esp\u00e9rance d\u2019enfants sont invit\u00e9s \u00e0 se tourner vers elle. Dans la paroisse qui abrite ses reliques, une messe pour les couples en esp\u00e9rance d\u2019enfant a lieu chaque premier dimanche de chaque mois. Cette pri\u00e8re est dite \u00e0 cette occasion.<\/strong><\/p>\n\n\n\n<p class=\"has-medium-font-size\"><strong><span style=\"text-decoration: underline;\">Seigneur,<\/span><\/strong><\/p>\n\n\n\n<p><em>\u00ab\u00a0Notre paroisse veut te prier, par l\u2019intercession de sainte Colette, pour les femmes de ce temps qui souhaitent donner naissance \u00e0 un enfant.<br>\u00c0 plusieurs reprises, tu as permis que des couples soient exauc\u00e9s ici, dans notre paroisse, ou \u00e0 Poligny au monast\u00e8re o\u00f9 repose le corps de sainte Colette.<br>Vers toi nous nous tournons, esp\u00e9rant que tu donneras la joie de la fertilit\u00e9 \u00e0 ceux et celles qui se tournent vers toi, dans cette intention.<br>Nous te prions avec toutes celles et ceux qui, dans le dioc\u00e8se de Paris et plus loin encore, vivent dans l\u2019attente de ta gr\u00e2ce.<br>Que le moment venu ils sachent te remercier toi, le P\u00e8re de toute cr\u00e9ation.\u00a0\u00bb<\/em><strong> Par J\u00e9sus-Christ notre Seigneur.<\/strong><\/p>\n\n\n\n<div style=\"height:50px\" aria-hidden=\"true\" class=\"wp-block-spacer\"><\/div>\n\n\n\n<h2 class=\"wp-block-heading has-text-align-center\">Prier avec Sainte Claire<br>pour le beau temps<\/h2>\n\n\n<div class=\"wp-block-image\">\n<figure class=\"aligncenter size-full is-resized\"><img decoding=\"async\" src=\"http:\/\/wp.steclairearras.org\/wordpress\/wp-content\/uploads\/2023\/08\/image_2023-08-24_182620697.png\" alt=\"\" class=\"wp-image-243\" style=\"height:500px\" height=\"500\" srcset=\"https:\/\/wp.steclairearras.org\/wordpress\/wp-content\/uploads\/2023\/08\/image_2023-08-24_182620697.png 290w, https:\/\/wp.steclairearras.org\/wordpress\/wp-content\/uploads\/2023\/08\/image_2023-08-24_182620697-246x300.png 246w\" sizes=\"(max-width: 290px) 100vw, 290px\" \/><\/figure>\n<\/div>\n\n\n<p class=\"has-text-align-center has-text-color has-medium-font-size\" style=\"color:#993300\"><strong>Fid\u00e8le disciple de saint Fran\u00e7ois d\u2019Assise et des enseignements de Dieu, Notre Seigneur a consacr\u00e9 toute sa vie au service des plus d\u00e9munis, en Italie et dans le monde. Des milliers de personnes dans le monde l\u2019adoraient comme la patronne du beau temps, alors si vous souhaitez obtenir du beau temps pour votre prochain voyage, n\u2019h\u00e9sitez pas \u00e0 montrer votre foi en priant Sainte Claire.<\/strong><\/p>\n\n\n\n<p class=\"has-medium-font-size\"><strong><span style=\"text-decoration: underline;\">P\u00e8re, votre fils J\u00e9sus, Marie et le Saint-Esprit,<\/span><\/strong><\/p>\n\n\n\n<p><em>\u00ab\u00a0Je viens \u00e0 vous aujourd\u2019hui pour rendre gr\u00e2ce pour tout le bien que vous avez apport\u00e9 \u00e0 ce monde et \u00e0 ma vie.  Pour avoir mis tes anges sur notre chemin, comme Sainte Claire, qui t\u2019aide dans ton travail pour maintenir la paix et l\u2019harmonie entre les hommes !<\/em> <\/p>\n\n\n\n<p><em>Aujourd\u2019hui, je vous demande de permettre \u00e0 sainte Claire d\u2019interc\u00e9der pour nous devant vous et de lui faire entendre toutes les pri\u00e8res qui sont dites quotidiennement en votre nom. Sainte Claire, premi\u00e8re disciple de saint Fran\u00e7ois d\u2019Assise, tu as abandonn\u00e9 tes richesses pour vivre une vie de sacrifice au service des plus d\u00e9munis. Dieu t\u2019a b\u00e9nie et t\u2019a prot\u00e9g\u00e9e, aussi aujourd\u2019hui, je te demande d\u2019offrir une partie de cette protection \u00e0 des fins divines aux hommes de la terre.<\/em><\/p>\n\n\n\n<p><em>Le climat change beaucoup et met en danger nos vies, nos projets et notre quotidien. Je vous prie d\u2019interc\u00e9der aupr\u00e8s du royaume des cieux pour ouvrir les chemins qui ont \u00e9t\u00e9 ferm\u00e9s \u00e0 cause de la temp\u00eate, pour reconstruire les liens perdus par l\u2019action de la nature. Je vous prie de d\u00e9gager les chemins.<\/em><\/p>\n\n\n\n<p><em>Aidez le changement climatique \u00e0 \u00eatre radical dans les jours \u00e0 venir pour le mieux. Il doit cesser de pleuvoir pour que le soleil puisse se lever \u00e0 nouveau et nous prot\u00e9ger par sa chaleur et sa s\u00e9curit\u00e9. Prot\u00e9gez-nous de toute adversit\u00e9, surtout si elle s\u2019accompagne de mauvais temps.\u00a0\u00bb<\/em> <strong>AMEN<\/strong><\/p>\n\n\n\n<div style=\"height:50px\" aria-hidden=\"true\" class=\"wp-block-spacer\"><\/div>\n\n\n\n<h2 class=\"wp-block-heading has-text-align-center\">Prier pour les vocations<\/h2>\n\n\n<div class=\"wp-block-image\">\n<figure class=\"aligncenter size-medium is-resized\"><img decoding=\"async\" src=\"https:\/\/wp.steclairearras.org\/wordpress\/wp-content\/uploads\/2023\/08\/arrangement-pain-vin-nature-morte-1-200x300.jpg\" alt=\"\" class=\"wp-image-223\" style=\"height:500px\" height=\"500\" srcset=\"https:\/\/wp.steclairearras.org\/wordpress\/wp-content\/uploads\/2023\/08\/arrangement-pain-vin-nature-morte-1-200x300.jpg 200w, https:\/\/wp.steclairearras.org\/wordpress\/wp-content\/uploads\/2023\/08\/arrangement-pain-vin-nature-morte-1.jpg 667w\" sizes=\"(max-width: 200px) 100vw, 200px\" \/><\/figure>\n<\/div>\n\n\n<p class=\"has-text-align-center has-text-color has-medium-font-size\" style=\"color:#993300\"><strong>En famille, en paroisse, en groupe de pri\u00e8re, seul ou ensemble, \u2026m\u00eame si vous ne pouvez pas nous rejoindre, vous pouvez toujours vous unir \u00e0 nous et constituer un \u00ab monast\u00e8re invisible \u00bb, priant le Ma\u00eetre de la moisson d\u2019envoyer des ouvriers pour sa moisson !<\/strong><\/p>\n\n\n\n<p class=\"has-medium-font-size\"><strong><span style=\"text-decoration: underline;\">Ensemble, demandons-Lui:<\/span><\/strong><\/p>\n\n\n\n<p><em>\u00ab\u00a0Avec foi, pers\u00e9v\u00e9rance et courage, notre communaut\u00e9 te demande, Seigneur, que l\u2019ann\u00e9e 2023 soit marqu\u00e9e par l\u2019arriv\u00e9e des vocations indispensables \u00e0 la poursuite de notre mission de pri\u00e8re dans le Dioc\u00e8se d\u2019Arras.<\/em><\/p>\n\n\n\n<p><em><br>La bulle d\u2019\u00e9rection du Monast\u00e8re pr\u00e9cise que celui-ci a \u00e9t\u00e9 fond\u00e9 \u00ab pour louer Dieu \u00e0 perp\u00e9tuit\u00e9 \u00bb. Seigneur, depuis plus de 560 ans, des g\u00e9n\u00e9rations de femmes se sont succ\u00e9d\u00e9 en ce lieu, interc\u00e9dant pour ton Peuple bien-aim\u00e9 qui avait voulu leur pr\u00e9sence et les a toujours soutenues en pourvoyant \u00e0 toutes leurs n\u00e9cessit\u00e9s.<\/em><\/p>\n\n\n\n<p><em><br>Nous te rendons gr\u00e2ces pour ce don inestimable et tout le bien qui en a d\u00e9coul\u00e9. Nous te rendons gr\u00e2ces pour toutes celles qui nous ont pr\u00e9c\u00e9d\u00e9es, et qui continuent \u00e0 interc\u00e9der pour nous dans le Ciel. Nous te rendons gr\u00e2ce pour le flambeau qu\u2019elles nous ont transmis et pour la descendance que Tu leur pr\u00e9pares. Aujourd\u2019hui, tant de monast\u00e8res ferment, faute de vocations, alors que l\u2019Eglise et le monde ont tellement besoin de ces remparts de foi et de pri\u00e8re ! <\/em><\/p>\n\n\n\n<p><em>Daigne Seigneur manifester l\u2019abondance de ta mis\u00e9ricorde, en r\u00e9pondant \u00e0 notre foi, \u00e0 notre pers\u00e9v\u00e9rance, et \u00e0 notre courage, en nous envoyant les vocations dont nous avons tant besoin. Tu as dit : \u00ab si 2 ou 3 se mettent d\u2019accord pour demander quelque chose en mon Nom \u00bb\u2026 ou encore : \u00ab quand 2 ou 3 sont r\u00e9unis en mon nom, Je suis l\u00e0 au milieu d\u2019eux \u00bb\u2026 et aussi \u00ab tout ce que vous demanderez au P\u00e8re en mon Nom, croyez que vous l\u2019avez d\u00e9j\u00e0 obtenu \u00bb. Aussi, avec une foi vive et ardente, avec une joie profonde, nous Te rendons gr\u00e2ces d\u2019exaucer notre demande, et nous te prions de b\u00e9nir et de fortifier toutes les vocations qui fleurissent dans le secret, et que tu nous donneras bient\u00f4t la joie d\u2019accueillir.<br>Donne-nous les gr\u00e2ces n\u00e9cessaires pour les accompagner et les former. Assiste notre communaut\u00e9, nous t\u2019en prions, tout au long de l\u2019ann\u00e9e nouvelle. Aide-nous \u00e0 reconna\u00eetre la volont\u00e9 de Dieu et \u00e0 ouvrir nos mains pour accueillir ce que le P\u00e8re nous accordera dans sa bienveillance. Ouvre nos yeux aux merveilles qu\u2019Il accomplit sans cesse.\u00a0\u00bb<\/em> <strong>AMEN<\/strong><\/p>\n\n\n\n<div style=\"height:50px\" aria-hidden=\"true\" class=\"wp-block-spacer\"><\/div>\n\n\n\n<h2 class=\"wp-block-heading has-text-align-center\">Confiez-nous vos intentions !<\/h2>\n\n\n\n<p>\u00c9crivez une intention de pri\u00e8re dans ce formulaire, elle nous sera directement transmise par mail et nous prierons pour vous.<\/p>\n\n\n<div class=\"frm_forms  with_frm_style frm_style_style-formidable\" id=\"frm_form_3_container\" data-token=\"80f02e97957723c7febb31dc5823d97c\">\n<form enctype=\"multipart\/form-data\" method=\"post\" class=\"frm-show-form \" id=\"form_intention\"  data-token=\"80f02e97957723c7febb31dc5823d97c\">\n<div class=\"frm_form_fields \">\n<fieldset>\n<legend class=\"frm_screen_reader\">Intentions<\/legend>\r\n\r\n<div class=\"frm_fields_container\">\n<input type=\"hidden\" name=\"frm_action\" value=\"create\" \/>\n<input type=\"hidden\" name=\"form_id\" value=\"3\" \/>\n<input type=\"hidden\" name=\"frm_hide_fields_3\" id=\"frm_hide_fields_3\" value=\"\" \/>\n<input type=\"hidden\" name=\"form_key\" value=\"intention\" \/>\n<input type=\"hidden\" name=\"item_meta[0]\" value=\"\" \/>\n<input type=\"hidden\" id=\"frm_submit_entry_3\" name=\"frm_submit_entry_3\" value=\"a5d2135a01\" \/><input type=\"hidden\" name=\"_wp_http_referer\" value=\"\/wordpress\/wp-json\/wp\/v2\/pages\/224\" \/><div id=\"frm_field_16_container\" class=\"frm_form_field form-field  frm_required_field frm_top_container frm6 frm_first\">\r\n    <label for=\"field_chj0\" id=\"field_chj0_label\" class=\"frm_primary_label\">Pr\u00e9nom\r\n        <span class=\"frm_required\" aria-hidden=\"true\">*<\/span>\r\n    <\/label>\r\n    <input type=\"text\" id=\"field_chj0\" name=\"item_meta[16]\" value=\"\"  data-reqmsg=\"Ce champ ne peut pas \u00eatre vide\" aria-required=\"true\" data-invmsg=\"texte est non valide\" aria-invalid=\"false\"  \/>\r\n    \r\n    \r\n<\/div>\n<div id=\"frm_field_17_container\" class=\"frm_form_field form-field  frm_required_field frm_top_container frm6\">\r\n    <label for=\"field_mcvvg2\" id=\"field_mcvvg2_label\" class=\"frm_primary_label\">Nom\r\n        <span class=\"frm_required\" aria-hidden=\"true\">*<\/span>\r\n    <\/label>\r\n    <input type=\"text\" id=\"field_mcvvg2\" name=\"item_meta[17]\" value=\"\"  data-reqmsg=\"Ce champ ne peut pas \u00eatre vide\" aria-required=\"true\" data-invmsg=\"texte est non valide\" aria-invalid=\"false\"  \/>\r\n    \r\n    \r\n<\/div>\n<div id=\"frm_field_23_container\" class=\"frm_form_field form-field  frm_required_field frm_top_container frm6 frm_first\">\r\n    <label for=\"field_n59hl\" id=\"field_n59hl_label\" class=\"frm_primary_label\">Ville\r\n        <span class=\"frm_required\" aria-hidden=\"true\">*<\/span>\r\n    <\/label>\r\n    <input type=\"text\" id=\"field_n59hl\" name=\"item_meta[23]\" value=\"\"  data-reqmsg=\"Ce champ ne peut pas \u00eatre vide\" aria-required=\"true\" data-invmsg=\"texte est non valide\" aria-invalid=\"false\"  \/>\r\n    \r\n    \r\n<\/div>\n<div id=\"frm_field_24_container\" class=\"frm_form_field form-field  frm_required_field frm_top_container frm6\">\r\n    <label for=\"field_z7mas\" id=\"field_z7mas_label\" class=\"frm_primary_label\">Num\u00e9ro de d\u00e9partement\r\n        <span class=\"frm_required\" aria-hidden=\"true\">*<\/span>\r\n    <\/label>\r\n    <input type=\"text\" id=\"field_z7mas\" name=\"item_meta[24]\" value=\"\"  data-reqmsg=\"Ce champ ne peut pas \u00eatre vide\" aria-required=\"true\" data-invmsg=\"texte est non valide\" aria-invalid=\"false\"  \/>\r\n    \r\n    \r\n<\/div>\n<div id=\"frm_field_21_container\" class=\"frm_form_field form-field  frm_required_field frm_top_container\">\r\n    <label for=\"field_a2wwp2\" id=\"field_a2wwp2_label\" class=\"frm_primary_label\">Intention\r\n        <span class=\"frm_required\" aria-hidden=\"true\">*<\/span>\r\n    <\/label>\r\n    <textarea name=\"item_meta[21]\" id=\"field_a2wwp2\" rows=\"5\"  data-reqmsg=\"Ce champ ne peut pas \u00eatre vide\" aria-required=\"true\" data-invmsg=\"Intention est non valide\" aria-invalid=\"false\"  ><\/textarea>\r\n    \r\n    \r\n<\/div>\n<div id=\"frm_field_22_container\" class=\"frm_form_field form-field  frm_none_container\">\r\n    <label for=\"g-recaptcha-response\" id=\"field_ipvt82_label\" class=\"frm_primary_label\">Captcha\r\n        <span class=\"frm_required\" aria-hidden=\"true\"><\/span>\r\n    <\/label>\r\n    <div id=\"field_ipvt82\" class=\"frm-g-recaptcha\" data-sitekey=\"6LfFuX0nAAAAACCGEDTrDT0KqVYb4KG1OjKeOC-u\" data-size=\"normal\" data-theme=\"light\"><\/div>\r\n    \r\n    \r\n<\/div>\n\t<input type=\"hidden\" name=\"item_key\" value=\"\" \/>\n\t\t\t\t<div class=\"frm_verify\" aria-hidden=\"true\">\n\t\t\t\t<label for=\"frm_email_3\">\n\t\t\t\t\tSi vous \u00eates un humain, ne remplissez pas ce champ.\t\t\t\t<\/label>\n\t\t\t\t<input type=\"text\" class=\"frm_verify\" id=\"frm_email_3\" name=\"frm_verify\" value=\"\"  \/>\n\t\t\t<\/div>\n\t\t<div class=\"frm_submit\">\r\n\r\n<button class=\"frm_button_submit\" type=\"submit\"  >Envoyer<\/button>\r\n\r\n\r\n<\/div><\/div>\n<\/fieldset>\n<\/div>\n<\/form>\n<\/div>\n","protected":false},"excerpt":{"rendered":"<p>Prier avec Sainte Colettepour les couples en d\u00e9sir d&rsquo;enfant Colette voit le jour le 13 janvier 1381, \u00e0 Corbie, pr\u00e8s d\u2019Amiens, en Picardie. Une naissance inesp\u00e9r\u00e9e dans la mesure o\u00f9 sa m\u00e8re \u00e9tait \u00e2g\u00e9e de plus de 60 ans. Voil\u00e0 pourquoi les couples en esp\u00e9rance d\u2019enfants sont invit\u00e9s \u00e0 se tourner vers elle. Dans la [&hellip;]<\/p>\n","protected":false},"author":1,"featured_media":0,"parent":0,"menu_order":0,"comment_status":"closed","ping_status":"closed","template":"","meta":{"footnotes":""},"class_list":["post-224","page","type-page","status-publish","hentry"],"_links":{"self":[{"href":"https:\/\/wp.steclairearras.org\/wordpress\/wp-json\/wp\/v2\/pages\/224","targetHints":{"allow":["GET"]}}],"collection":[{"href":"https:\/\/wp.steclairearras.org\/wordpress\/wp-json\/wp\/v2\/pages"}],"about":[{"href":"https:\/\/wp.steclairearras.org\/wordpress\/wp-json\/wp\/v2\/types\/page"}],"author":[{"embeddable":true,"href":"https:\/\/wp.steclairearras.org\/wordpress\/wp-json\/wp\/v2\/users\/1"}],"replies":[{"embeddable":true,"href":"https:\/\/wp.steclairearras.org\/wordpress\/wp-json\/wp\/v2\/comments?post=224"}],"version-history":[{"count":19,"href":"https:\/\/wp.steclairearras.org\/wordpress\/wp-json\/wp\/v2\/pages\/224\/revisions"}],"predecessor-version":[{"id":350,"href":"https:\/\/wp.steclairearras.org\/wordpress\/wp-json\/wp\/v2\/pages\/224\/revisions\/350"}],"wp:attachment":[{"href":"https:\/\/wp.steclairearras.org\/wordpress\/wp-json\/wp\/v2\/media?parent=224"}],"curies":[{"name":"wp","href":"https:\/\/api.w.org\/{rel}","templated":true}]}}